{"id":7913,"date":"2023-10-01T14:55:05","date_gmt":"2023-10-01T13:55:05","guid":{"rendered":"https:\/\/klavinsride.com\/?page_id=7913"},"modified":"2024-03-14T09:07:26","modified_gmt":"2024-03-14T09:07:26","slug":"buj","status":"publish","type":"page","link":"https:\/\/klavinsride.com\/en\/buj\/","title":{"rendered":"Frequently asked questions"},"content":{"rendered":"<div class=\"wpb-content-wrapper\"><div data-vc-full-width=\"true\" data-vc-full-width-init=\"false\" class=\"vc_row wpb_row vc_row-fluid vc_custom_1696168569057 vc_row-has-padding-top\"><div class=\"wpb_column vc_column_container vc_col-sm-12\"><div class=\"vc_column-inner vc_custom_1515752234075\"><div class=\"wpb_wrapper\"><div class=\"vc_row wpb_row vc_inner vc_row-fluid\"><div class=\"wpb_column vc_column_container vc_col-sm-12\"><div class=\"vc_column-inner\"><div class=\"wpb_wrapper\"><header class=\"kd-section-title vc_col-lg-6 vc_col-sm-8 text-left  kd-animated fadeIn   vc_custom_1696168651375\" data-animation-delay=\"200\"><h2 class=\"separator_off\" >During a tour<\/h2><\/header><\/div><\/div><\/div><\/div><div class=\"vc_row wpb_row vc_inner vc_row-fluid vc_custom_1696169184211 vc_row-has-padding-bottom vc_column-gap-30\"><div class=\"wpb_column vc_column_container vc_col-sm-12 vc_col-lg-6\"><div class=\"vc_column-inner vc_custom_1541160549301\"><div class=\"wpb_wrapper\"><div  class=\"vc_toggle vc_toggle_default vc_toggle_color_default  vc_toggle_size_md\"><div class=\"vc_toggle_title\"><h4>What information will we learn before going on the tour?<\/h4><i class=\"vc_toggle_icon\"><\/i><\/div><div class=\"vc_toggle_content\"><p>The tour program is always available on our website. Once the group is complete, we organize one or two online meetings to discuss the issues. If any participant still has questions, we prepare the answers in writing and send them to all participants.<\/p>\n<\/div><\/div><div  class=\"vc_toggle vc_toggle_default vc_toggle_color_default  vc_toggle_size_md\"><div class=\"vc_toggle_title\"><h4>Will the guide be available during the tour?<\/h4><i class=\"vc_toggle_icon\"><\/i><\/div><div class=\"vc_toggle_content\"><p>Of course, Janis goes on the adventure with the group and is available 24\/7.<\/p>\n<\/div><\/div><div  class=\"vc_toggle vc_toggle_default vc_toggle_color_default  vc_toggle_size_md\"><div class=\"vc_toggle_title\"><h4>How are the tour participants divided into hotel rooms?<\/h4><i class=\"vc_toggle_icon\"><\/i><\/div><div class=\"vc_toggle_content\"><p>If you go on the tour with a friend, we will put you in the same hotel room. If you are going on the tour alone, you will be sharing a room with another motorcycle enthusiast. Our tour participants are like-minded people, so it's hard to think that sharing a room could become a problem.<\/p>\n<\/div><\/div><\/div><\/div><\/div><div class=\"wpb_column vc_column_container vc_col-sm-12 vc_col-lg-6\"><div class=\"vc_column-inner vc_custom_1541160556700\"><div class=\"wpb_wrapper\"><div  class=\"vc_toggle vc_toggle_default vc_toggle_color_default  vc_toggle_size_md\"><div class=\"vc_toggle_title\"><h4>Do I have to stay with the group all the time?<\/h4><i class=\"vc_toggle_icon\"><\/i><\/div><div class=\"vc_toggle_content\"><p>Yes, we travel as a group to experience the adventure together not alone.<\/p>\n<\/div><\/div><div  class=\"vc_toggle vc_toggle_default vc_toggle_color_default  vc_toggle_size_md\"><div class=\"vc_toggle_title\"><h4>What is the weather going to be like?<\/h4><i class=\"vc_toggle_icon\"><\/i><\/div><div class=\"vc_toggle_content\"><p>We select the most suitable season for motorcycling for our tours, but we never promise specific weather conditions as they can change. Shortly before the tour, we provide information on the weather, but this information is only a forecast.<\/p>\n<\/div><\/div><div  class=\"vc_toggle vc_toggle_default vc_toggle_color_default  vc_toggle_size_md\"><div class=\"vc_toggle_title\"><h4>Does KlavinsRide provide equipment?<\/h4><i class=\"vc_toggle_icon\"><\/i><\/div><div class=\"vc_toggle_content\"><p>Each participant comes to the trip with their own personal safety equipment.<\/p>\n<\/div><\/div><\/div><\/div><\/div><\/div><div class=\"vc_row wpb_row vc_inner vc_row-fluid\"><div class=\"wpb_column vc_column_container vc_col-sm-12\"><div class=\"vc_column-inner\"><div class=\"wpb_wrapper\"><header class=\"kd-section-title col-lg-12 text-left  kd-animated fadeIn   vc_custom_1696169463904\" data-animation-delay=\"200\"><h2 class=\"separator_off\" >Visa, flight and accident insurance<\/h2><\/header><\/div><\/div><\/div><\/div><div class=\"vc_row wpb_row vc_inner vc_row-fluid vc_custom_1696169184211 vc_row-has-padding-bottom vc_column-gap-30\"><div class=\"wpb_column vc_column_container vc_col-sm-12 vc_col-lg-6\"><div class=\"vc_column-inner vc_custom_1541160549301\"><div class=\"wpb_wrapper\"><div  class=\"vc_toggle vc_toggle_default vc_toggle_color_default  vc_toggle_size_md\"><div class=\"vc_toggle_title\"><h4>How is the visa processed, if it\u2019s needed?<\/h4><i class=\"vc_toggle_icon\"><\/i><\/div><div class=\"vc_toggle_content\"><p>We provide information on how to obtain a travel visa in a specific country. Each participant obtains a visa for themself.<\/p>\n<\/div><\/div><div  class=\"vc_toggle vc_toggle_default vc_toggle_color_default  vc_toggle_size_md\"><div class=\"vc_toggle_title\"><h4>How are the flights organized?<\/h4><i class=\"vc_toggle_icon\"><\/i><\/div><div class=\"vc_toggle_content\"><p>Our travel agent finds the most suitable and financially advantageous flight offer from Latvia to the country where the tour starts. The participant pays the agent and receives their travel ticket. Our groups tend to have members looking for the best flights on their own. It is important that everyone is present on the day of the tour and no one has to wait.<\/p>\n<\/div><\/div><\/div><\/div><\/div><div class=\"wpb_column vc_column_container vc_col-sm-12 vc_col-lg-6\"><div class=\"vc_column-inner vc_custom_1541160556700\"><div class=\"wpb_wrapper\"><div  class=\"vc_toggle vc_toggle_default vc_toggle_color_default  vc_toggle_size_md\"><div class=\"vc_toggle_title\"><h4>How are internal flights organized, if they\u2019re planned in the tour?<\/h4><i class=\"vc_toggle_icon\"><\/i><\/div><div class=\"vc_toggle_content\"><p>Internal flights are planned and organized by our cooperation partner. Their price is variable, so the tour program does not include the cost of flights. It must be done separately.<\/p>\n<\/div><\/div><div  class=\"vc_toggle vc_toggle_default vc_toggle_color_default  vc_toggle_size_md\"><div class=\"vc_toggle_title\"><h4>Do I need to have safety insurance?<\/h4><i class=\"vc_toggle_icon\"><\/i><\/div><div class=\"vc_toggle_content\"><p>We assist as best we can, but insist that all participants have accident insurance. This is important so that there are no obstacles to solving an accident or medical emergency.<\/p>\n<\/div><\/div><\/div><\/div><\/div><\/div><\/div><\/div><\/div><\/div><div class=\"vc_row-full-width vc_clearfix\"><\/div><div data-vc-full-width=\"true\" data-vc-full-width-init=\"false\" data-vc-kd-parallax=\"1.5\" class=\"vc_row wpb_row vc_row-fluid vc_custom_1696172534226 vc_row-has-fill vc_row-has-padding-top vc_row-has-padding-bottom vc_general kd_vc_parallax kd_vc_parallax-content-moving\"><div class=\"parallax-overlay\" data-vc-kd-parallax=\"1.5\"><\/div><div class=\"kd-overlay\"  style=\"background-color:rgba(0,0,0,0.6);\"><\/div><div class=\"wpb_column vc_column_container vc_col-sm-12\"><div class=\"vc_column-inner vc_custom_1516009042213\"><div class=\"wpb_wrapper\"><header class=\"kd-section-title vc_col-lg-6 vc_col-sm-8 text-center  kd-animated fadeIn   vc_custom_1696169722845\" data-animation-delay=\"200\"><h2 class=\"separator_off\" style=\"color: #ffffff;\">Why choose Klavins Ride?<\/h2><\/header><div class=\"vc_row wpb_row vc_inner vc_row-fluid\"><div class=\"wpb_column vc_column_container vc_col-sm-4\"><div class=\"vc_column-inner vc_custom_1516009052786\"><div class=\"wpb_wrapper\"><div class=\"key-icon-box icon-default icon-top cont-center ib-hover-1  kd-animated fadeInUp\" style=\"background-color: transparent;\" ><div class=\"ib-wrapper\"><i class=\"iconsmind-Check iconsmind-Interface\" style=\" color: #ffffff;\"><\/i> <p style=\"color: #ffffff;\"><\/p>\n<h4><span style=\"color: #ffffff;\">Specially designed travel programs and training<\/span><\/h4>\n<p><\/p><\/div><\/div><\/div><\/div><\/div><div class=\"wpb_column vc_column_container vc_col-sm-4\"><div class=\"vc_column-inner vc_custom_1516009059306\"><div class=\"wpb_wrapper\"><div class=\"key-icon-box icon-default icon-top cont-center ib-hover-1  kd-animated fadeInUp\" style=\"background-color: transparent;\" data-animation-delay=\"200\"><div class=\"ib-wrapper\"><i class=\"iconsmind-Claps iconsmind-Business-Finance\" style=\" color: #ffffff;\"><\/i> <p style=\"color: #ffffff;\"><\/p>\n<h4><span style=\"color: #ffffff;\">Individual approach to every issue<\/span><\/h4>\n<p><\/p><\/div><\/div><\/div><\/div><\/div><div class=\"wpb_column vc_column_container vc_col-sm-4\"><div class=\"vc_column-inner vc_custom_1516009066194\"><div class=\"wpb_wrapper\"><div class=\"key-icon-box icon-default icon-top cont-center ib-hover-1  kd-animated fadeInUp\" style=\"background-color: transparent;\" data-animation-delay=\"400\"><div class=\"ib-wrapper\"><i class=\"iconsmind-Handshake iconsmind-Business-Finance\" style=\" color: #ffffff;\"><\/i> <p style=\"color: #ffffff;\"><\/p>\n<h4><span style=\"color: #ffffff;\">Cooperation with proven and reliable partners<\/span><\/h4>\n<p><\/p><\/div><\/div><\/div><\/div><\/div><\/div><div class=\"vc_row wpb_row vc_inner vc_row-fluid\"><div class=\"wpb_column vc_column_container vc_col-sm-4\"><div class=\"vc_column-inner vc_custom_1516009052786\"><div class=\"wpb_wrapper\"><div class=\"key-icon-box icon-default icon-top cont-center ib-hover-1  kd-animated fadeInUp\" style=\"background-color: transparent;\" ><div class=\"ib-wrapper\"><i class=\"iconsmind-Financial iconsmind-Business-Finance\" style=\" color: #ffffff;\"><\/i> <p style=\"color: #ffffff;\"><\/p>\n<h4><span style=\"color: #ffffff;\">The benefit is greater than the funds spent<\/span><\/h4>\n<p><\/p><\/div><\/div><\/div><\/div><\/div><div class=\"wpb_column vc_column_container vc_col-sm-4\"><div class=\"vc_column-inner vc_custom_1516009059306\"><div class=\"wpb_wrapper\"><div class=\"key-icon-box icon-default icon-top cont-center ib-hover-1  kd-animated fadeInUp\" style=\"background-color: transparent;\" data-animation-delay=\"200\"><div class=\"ib-wrapper\"><i class=\"iconsmind-Heart iconsmind-Bodypart\" style=\" color: #ffffff;\"><\/i> <p style=\"color: #ffffff;\"><\/p>\n<h4><span style=\"color: #ffffff;\">Pleasant communication and a great adventure<\/span><\/h4>\n<p><\/p><\/div><\/div><\/div><\/div><\/div><div class=\"wpb_column vc_column_container vc_col-sm-4\"><div class=\"vc_column-inner vc_custom_1516009066194\"><div class=\"wpb_wrapper\"><div class=\"key-icon-box icon-default icon-top cont-center ib-hover-1  kd-animated fadeInUp\" style=\"background-color: transparent;\" data-animation-delay=\"400\"><div class=\"ib-wrapper\"><i class=\"iconsmind-Map2 iconsmind-Maps-Locations\" style=\" color: #ffffff;\"><\/i> <p style=\"color: #ffffff;\"><\/p>\n<h4><span style=\"color: #ffffff;\">Janis unique motorcycle expedition experience will be useful in the future<\/span><\/h4>\n<p><\/p><\/div><\/div><\/div><\/div><\/div><\/div><\/div><\/div><\/div><\/div><div class=\"vc_row-full-width vc_clearfix\"><\/div>\n<\/div>","protected":false},"excerpt":{"rendered":"T\u016bres laik\u0101K\u0101du inform\u0101ciju var\u0113s uzzin\u0101t pirms do\u0161an\u0101s ce\u013cojum\u0101?T\u016bres programma vienm\u0113r ir pieejama m\u016bsu m\u0101jas lap\u0101. Kad grupa ir nokomplekt\u0113ta, m\u0113s [...]","protected":false},"author":1,"featured_media":7443,"parent":0,"menu_order":0,"comment_status":"closed","ping_status":"closed","template":"","meta":{"footnotes":""},"class_list":["post-7913","page","type-page","status-publish","has-post-thumbnail","hentry"],"yoast_head":"<!-- This site is optimized with the Yoast SEO plugin v27.3 - https:\/\/yoast.com\/product\/yoast-seo-wordpress\/ -->\n<title>Bie\u017e\u0101k uzdotie jaut\u0101jumi - KlavinsRide<\/title>\n<meta name=\"robots\" content=\"index, follow, max-snippet:-1, max-image-preview:large, max-video-preview:-1\" \/>\n<link rel=\"canonical\" href=\"https:\/\/klavinsride.com\/en\/buj\/\" \/>\n<meta property=\"og:locale\" content=\"en_GB\" \/>\n<meta property=\"og:type\" content=\"article\" \/>\n<meta property=\"og:title\" content=\"Bie\u017e\u0101k uzdotie jaut\u0101jumi - KlavinsRide\" \/>\n<meta property=\"og:url\" content=\"https:\/\/klavinsride.com\/en\/buj\/\" \/>\n<meta property=\"og:site_name\" content=\"KlavinsRide\" \/>\n<meta property=\"article:modified_time\" content=\"2024-03-14T09:07:26+00:00\" \/>\n<meta property=\"og:image\" content=\"https:\/\/klavinsride.com\/wp-content\/uploads\/2023\/09\/pexels-koushik-bala-15038722.jpg\" \/>\n\t<meta property=\"og:image:width\" content=\"1920\" \/>\n\t<meta property=\"og:image:height\" content=\"1280\" \/>\n\t<meta property=\"og:image:type\" content=\"image\/jpeg\" \/>\n<meta name=\"twitter:card\" content=\"summary_large_image\" \/>\n<meta name=\"twitter:label1\" content=\"Estimated reading time\" \/>\n\t<meta name=\"twitter:data1\" content=\"3 minutes\" \/>\n<script type=\"application\/ld+json\" class=\"yoast-schema-graph\">{\"@context\":\"https:\\\/\\\/schema.org\",\"@graph\":[{\"@type\":\"WebPage\",\"@id\":\"https:\\\/\\\/klavinsride.com\\\/buj\\\/\",\"url\":\"https:\\\/\\\/klavinsride.com\\\/buj\\\/\",\"name\":\"Bie\u017e\u0101k uzdotie jaut\u0101jumi - KlavinsRide\",\"isPartOf\":{\"@id\":\"https:\\\/\\\/klavinsride.com\\\/#website\"},\"primaryImageOfPage\":{\"@id\":\"https:\\\/\\\/klavinsride.com\\\/buj\\\/#primaryimage\"},\"image\":{\"@id\":\"https:\\\/\\\/klavinsride.com\\\/buj\\\/#primaryimage\"},\"thumbnailUrl\":\"https:\\\/\\\/klavinsride.com\\\/wp-content\\\/uploads\\\/2023\\\/09\\\/pexels-koushik-bala-15038722.jpg\",\"datePublished\":\"2023-10-01T13:55:05+00:00\",\"dateModified\":\"2024-03-14T09:07:26+00:00\",\"breadcrumb\":{\"@id\":\"https:\\\/\\\/klavinsride.com\\\/buj\\\/#breadcrumb\"},\"inLanguage\":\"en-GB\",\"potentialAction\":[{\"@type\":\"ReadAction\",\"target\":[\"https:\\\/\\\/klavinsride.com\\\/buj\\\/\"]}]},{\"@type\":\"ImageObject\",\"inLanguage\":\"en-GB\",\"@id\":\"https:\\\/\\\/klavinsride.com\\\/buj\\\/#primaryimage\",\"url\":\"https:\\\/\\\/klavinsride.com\\\/wp-content\\\/uploads\\\/2023\\\/09\\\/pexels-koushik-bala-15038722.jpg\",\"contentUrl\":\"https:\\\/\\\/klavinsride.com\\\/wp-content\\\/uploads\\\/2023\\\/09\\\/pexels-koushik-bala-15038722.jpg\",\"width\":1920,\"height\":1280},{\"@type\":\"BreadcrumbList\",\"@id\":\"https:\\\/\\\/klavinsride.com\\\/buj\\\/#breadcrumb\",\"itemListElement\":[{\"@type\":\"ListItem\",\"position\":1,\"name\":\"Home\",\"item\":\"https:\\\/\\\/klavinsride.com\\\/\"},{\"@type\":\"ListItem\",\"position\":2,\"name\":\"Bie\u017e\u0101k uzdotie jaut\u0101jumi\"}]},{\"@type\":\"WebSite\",\"@id\":\"https:\\\/\\\/klavinsride.com\\\/#website\",\"url\":\"https:\\\/\\\/klavinsride.com\\\/\",\"name\":\"KlavinsRide\",\"description\":\"Atkl\u0101j pasauli ar K\u013cavi\u0146u\",\"potentialAction\":[{\"@type\":\"SearchAction\",\"target\":{\"@type\":\"EntryPoint\",\"urlTemplate\":\"https:\\\/\\\/klavinsride.com\\\/?s={search_term_string}\"},\"query-input\":{\"@type\":\"PropertyValueSpecification\",\"valueRequired\":true,\"valueName\":\"search_term_string\"}}],\"inLanguage\":\"en-GB\"}]}<\/script>\n<!-- \/ Yoast SEO plugin. -->","yoast_head_json":{"title":"Bie\u017e\u0101k uzdotie jaut\u0101jumi - KlavinsRide","robots":{"index":"index","follow":"follow","max-snippet":"max-snippet:-1","max-image-preview":"max-image-preview:large","max-video-preview":"max-video-preview:-1"},"canonical":"https:\/\/klavinsride.com\/en\/buj\/","og_locale":"en_GB","og_type":"article","og_title":"Bie\u017e\u0101k uzdotie jaut\u0101jumi - KlavinsRide","og_url":"https:\/\/klavinsride.com\/en\/buj\/","og_site_name":"KlavinsRide","article_modified_time":"2024-03-14T09:07:26+00:00","og_image":[{"width":1920,"height":1280,"url":"https:\/\/klavinsride.com\/wp-content\/uploads\/2023\/09\/pexels-koushik-bala-15038722.jpg","type":"image\/jpeg"}],"twitter_card":"summary_large_image","twitter_misc":{"Estimated reading time":"3 minutes"},"schema":{"@context":"https:\/\/schema.org","@graph":[{"@type":"WebPage","@id":"https:\/\/klavinsride.com\/buj\/","url":"https:\/\/klavinsride.com\/buj\/","name":"Bie\u017e\u0101k uzdotie jaut\u0101jumi - KlavinsRide","isPartOf":{"@id":"https:\/\/klavinsride.com\/#website"},"primaryImageOfPage":{"@id":"https:\/\/klavinsride.com\/buj\/#primaryimage"},"image":{"@id":"https:\/\/klavinsride.com\/buj\/#primaryimage"},"thumbnailUrl":"https:\/\/klavinsride.com\/wp-content\/uploads\/2023\/09\/pexels-koushik-bala-15038722.jpg","datePublished":"2023-10-01T13:55:05+00:00","dateModified":"2024-03-14T09:07:26+00:00","breadcrumb":{"@id":"https:\/\/klavinsride.com\/buj\/#breadcrumb"},"inLanguage":"en-GB","potentialAction":[{"@type":"ReadAction","target":["https:\/\/klavinsride.com\/buj\/"]}]},{"@type":"ImageObject","inLanguage":"en-GB","@id":"https:\/\/klavinsride.com\/buj\/#primaryimage","url":"https:\/\/klavinsride.com\/wp-content\/uploads\/2023\/09\/pexels-koushik-bala-15038722.jpg","contentUrl":"https:\/\/klavinsride.com\/wp-content\/uploads\/2023\/09\/pexels-koushik-bala-15038722.jpg","width":1920,"height":1280},{"@type":"BreadcrumbList","@id":"https:\/\/klavinsride.com\/buj\/#breadcrumb","itemListElement":[{"@type":"ListItem","position":1,"name":"Home","item":"https:\/\/klavinsride.com\/"},{"@type":"ListItem","position":2,"name":"Bie\u017e\u0101k uzdotie jaut\u0101jumi"}]},{"@type":"WebSite","@id":"https:\/\/klavinsride.com\/#website","url":"https:\/\/klavinsride.com\/","name":"KlavinsRide","description":"Atkl\u0101j pasauli ar K\u013cavi\u0146u","potentialAction":[{"@type":"SearchAction","target":{"@type":"EntryPoint","urlTemplate":"https:\/\/klavinsride.com\/?s={search_term_string}"},"query-input":{"@type":"PropertyValueSpecification","valueRequired":true,"valueName":"search_term_string"}}],"inLanguage":"en-GB"}]}},"_links":{"self":[{"href":"https:\/\/klavinsride.com\/en\/wp-json\/wp\/v2\/pages\/7913","targetHints":{"allow":["GET"]}}],"collection":[{"href":"https:\/\/klavinsride.com\/en\/wp-json\/wp\/v2\/pages"}],"about":[{"href":"https:\/\/klavinsride.com\/en\/wp-json\/wp\/v2\/types\/page"}],"author":[{"embeddable":true,"href":"https:\/\/klavinsride.com\/en\/wp-json\/wp\/v2\/users\/1"}],"replies":[{"embeddable":true,"href":"https:\/\/klavinsride.com\/en\/wp-json\/wp\/v2\/comments?post=7913"}],"version-history":[{"count":24,"href":"https:\/\/klavinsride.com\/en\/wp-json\/wp\/v2\/pages\/7913\/revisions"}],"predecessor-version":[{"id":8154,"href":"https:\/\/klavinsride.com\/en\/wp-json\/wp\/v2\/pages\/7913\/revisions\/8154"}],"wp:featuredmedia":[{"embeddable":true,"href":"https:\/\/klavinsride.com\/en\/wp-json\/wp\/v2\/media\/7443"}],"wp:attachment":[{"href":"https:\/\/klavinsride.com\/en\/wp-json\/wp\/v2\/media?parent=7913"}],"curies":[{"name":"wp","href":"https:\/\/api.w.org\/{rel}","templated":true}]}}