{"id":7440,"date":"2019-04-24T13:51:10","date_gmt":"2019-04-24T13:51:10","guid":{"rendered":"https:\/\/www.ekko-wp.com\/demo-content\/?page_id=7440"},"modified":"2024-03-15T10:00:20","modified_gmt":"2024-03-15T10:00:20","slug":"home-auto-service","status":"publish","type":"page","link":"https:\/\/klavinsride.com\/en\/","title":{"rendered":"S\u0101kums"},"content":{"rendered":"<div class=\"wpb-content-wrapper\"><div data-vc-full-width=\"true\" data-vc-full-width-init=\"false\" data-vc-parallax-image=\"https:\/\/www.youtube.com\/watch?v=9IUYUu4wsjw\" data-vc-video-bg=\"https:\/\/www.youtube.com\/watch?v=9IUYUu4wsjw\" class=\"vc_row wpb_row vc_row-fluid vc_custom_1699790297893 vc_row-has-fill vc_row-has-padding-top vc_row-o-full-height vc_row-o-columns-middle vc_row-o-equal-height vc_row-fixed-bg vc_row-o-content-middle vc_row-flex vc_video-bg-container\"><div class=\"kd-overlay\"  style=\"background-color:rgba(0,0,0,0.44);\"><\/div><div class=\"wpb_column vc_column_container vc_col-sm-6 vc_col-lg-offset-3 vc_col-lg-6 vc_col-md-12\"><div class=\"vc_column-inner\"><div class=\"wpb_wrapper\"><div class=\"vc_empty_space\"   style=\"height: 60px\"><span class=\"vc_empty_space_inner\"><\/span><\/div><header class=\"kd-section-title col-lg-12 text-center  kd-animated fadeIn\" data-animation-delay=\"200\"><h1 class=\"separator_off\" style=\"color: #ffffff;\">Ride and enjoy:<br \/>\nDiscover the world with Klavins!<\/h1><h6 class=\"subtitle\" style=\"color: #ffffff;\">Glad you\u2019re here for an unforgettable motorcycle adventure.<\/h6><\/header><div class=\"vc_empty_space\"   style=\"height: 150px\"><span class=\"vc_empty_space_inner\"><\/span><\/div><a  href=\"#tures\" class=\"tt_button tt_primary_button btn_secondary_color hover_solid_primary button-center button-scroll-to-section icon_left btn-smooth-scroll\" ><span class=\"fas fa-chevron-down iconita\"><\/span><span class=\"prim_text\">See the tours<\/span><\/a><\/div><\/div><\/div><\/div><div class=\"vc_row-full-width vc_clearfix\"><\/div><div id=\"tures\" data-vc-full-width=\"true\" data-vc-full-width-init=\"false\" class=\"vc_row wpb_row vc_row-fluid vc_custom_1695984589443\"><div class=\"wpb_column vc_column_container vc_col-sm-12\"><div class=\"vc_column-inner vc_custom_1515686761275\"><div class=\"wpb_wrapper\"><div class=\"vc_row wpb_row vc_inner vc_row-fluid vc_custom_1695984236995 vc_row-has-padding-bottom\"><div class=\"wpb_column vc_column_container vc_col-sm-12\"><div class=\"vc_column-inner vc_custom_1515686674776\"><div class=\"wpb_wrapper\">\r\n                <div class=\"photobox-carousel pbc-parent black-navigation kd-pbc-69df9eadde055 nav-arrows\">\r\n                    <div class=\"pbc-content\"><div class=\"kd-photobox kd-animated fadeInUp\" data-animation-delay=\"200\"><div class=\"photobox-img\"><a href=\"https:\/\/klavinsride.com\/en\/motociklu-tures\/nordkapa-un-lofotu-salas\/\"  title=\"\"><img loading=\"lazy\" decoding=\"async\" width=\"400\" height=\"400\" src=\"https:\/\/klavinsride.com\/wp-content\/uploads\/2023\/09\/Norway.png\" class=\"attachment-full\" alt=\"\" title=\"Norway\" srcset=\"https:\/\/klavinsride.com\/wp-content\/uploads\/2023\/09\/Norway.png 400w, https:\/\/klavinsride.com\/wp-content\/uploads\/2023\/09\/Norway-300x300.png 300w, https:\/\/klavinsride.com\/wp-content\/uploads\/2023\/09\/Norway-150x150.png 150w, https:\/\/klavinsride.com\/wp-content\/uploads\/2023\/09\/Norway-12x12.png 12w, https:\/\/klavinsride.com\/wp-content\/uploads\/2023\/09\/Norway-320x320.png 320w\" sizes=\"auto, (max-width: 400px) 100vw, 400px\" \/><\/a><\/div><div class=\"phb-content text-left\" ><h5 >Norwegian tour<\/h5><p >Nordkapp and Lofoten islands \u2013 in 11 days we\u2019ll drive 4,177 km.  From 13. till 23. August.<\/p><div class=\"phb-btncontainer\">\r\n                      <a href=\"https:\/\/klavinsride.com\/en\/motociklu-tures\/nordkapa-un-lofotu-salas\/\"  title=\"\" class=\"tt_button tt_primary_button btn_primary_color\">Explore the tour<\/a>\r\n                  <\/div><\/div><\/div><div class=\"kd-photobox kd-animated fadeInUp\" data-animation-delay=\"400\"><div class=\"photobox-img\"><a href=\"https:\/\/klavinsride.com\/en\/motociklu-tures\/ladakh-un-zanskar-ieleja\/\"  title=\"North India tour\"><img loading=\"lazy\" decoding=\"async\" width=\"400\" height=\"400\" src=\"https:\/\/klavinsride.com\/wp-content\/uploads\/2023\/09\/Mongolia.png\" class=\"attachment-full\" alt=\"\" title=\"Mongolia\" srcset=\"https:\/\/klavinsride.com\/wp-content\/uploads\/2023\/09\/Mongolia.png 400w, https:\/\/klavinsride.com\/wp-content\/uploads\/2023\/09\/Mongolia-300x300.png 300w, https:\/\/klavinsride.com\/wp-content\/uploads\/2023\/09\/Mongolia-150x150.png 150w, https:\/\/klavinsride.com\/wp-content\/uploads\/2023\/09\/Mongolia-12x12.png 12w, https:\/\/klavinsride.com\/wp-content\/uploads\/2023\/09\/Mongolia-320x320.png 320w\" sizes=\"auto, (max-width: 400px) 100vw, 400px\" \/><\/a><\/div><div class=\"phb-content text-left\" ><h5 >North India tour<\/h5><p >Ladakh and Zanskar Valley \u2013 in 9 days we\u2019ll drive 805 km.<\/p><div class=\"phb-btncontainer\">\r\n                      <a href=\"https:\/\/klavinsride.com\/en\/motociklu-tures\/ladakh-un-zanskar-ieleja\/\"  title=\"North India tour\" class=\"tt_button tt_primary_button btn_primary_color\">Explore the tour<\/a>\r\n                  <\/div><\/div><\/div><div class=\"kd-photobox kd-animated fadeInUp\" data-animation-delay=\"600\"><div class=\"photobox-img\"><a href=\"https:\/\/klavinsride.com\/en\/motociklu-tures\/dienvidu-indijas-tet\/\"  title=\"South India TET\"><img loading=\"lazy\" decoding=\"async\" width=\"400\" height=\"400\" src=\"https:\/\/klavinsride.com\/wp-content\/uploads\/2023\/09\/South-India.png\" class=\"attachment-full\" alt=\"\" title=\"South India\" srcset=\"https:\/\/klavinsride.com\/wp-content\/uploads\/2023\/09\/South-India.png 400w, https:\/\/klavinsride.com\/wp-content\/uploads\/2023\/09\/South-India-300x300.png 300w, https:\/\/klavinsride.com\/wp-content\/uploads\/2023\/09\/South-India-150x150.png 150w, https:\/\/klavinsride.com\/wp-content\/uploads\/2023\/09\/South-India-12x12.png 12w, https:\/\/klavinsride.com\/wp-content\/uploads\/2023\/09\/South-India-320x320.png 320w\" sizes=\"auto, (max-width: 400px) 100vw, 400px\" \/><\/a><\/div><div class=\"phb-content text-left\" ><h5 >South India TET<\/h5><p >South India motorcycle tour \u2013 in 12 days we\u2019ll drive 1,265 km.<\/p><div class=\"phb-btncontainer\">\r\n                      <a href=\"https:\/\/klavinsride.com\/en\/motociklu-tures\/dienvidu-indijas-tet\/\"  title=\"South India TET\" class=\"tt_button tt_primary_button btn_primary_color\">T\u016bre 2025<\/a>\r\n                  <\/div><\/div><\/div><\/div>\r\n                <\/div><script type=\"text\/javascript\">\r\n          \t\t\t\tjQuery(document).ready(function($){\r\n                    if ($(\".photobox-carousel.kd-pbc-69df9eadde055 .pbc-content\").length) {\r\n                      $(\".photobox-carousel.kd-pbc-69df9eadde055 .pbc-content\").owlCarousel({\r\n                          stageClass: \"owl-wrapper\",\r\n                          stageOuterClass: \"owl-wrapper-outer\",\r\n                          loadedClass: \"owl-carousel\",\r\n                          responsive:{\r\n                              0:{\r\n                                  items:1,\r\n                                  dots: false,\r\n                                  nav: true,\r\n                                  navSpeed: 500,\r\n                              },\r\n                              768:{\r\n                                  items:2,\r\n                              },\r\n                              1199:{\r\n                                  items:3,\r\n                              },\r\n                              1366:{\r\n                                  items:3,\nnav: true,\r\n                                    navSpeed: 500,\r\n                                    dots: false,}\r\n                          },\r\n                          rewind: true,\nautoplay: false,\nautoplayHoverPause: false,addClassActive: true,\r\n                      });\r\n                    }\r\n          \t\t\t\t});\r\n          \t\t\t<\/script><\/div><\/div><\/div><\/div><\/div><\/div><\/div><\/div><div class=\"vc_row-full-width vc_clearfix\"><\/div><div class=\"vc_row wpb_row vc_row-fluid vc_custom_1695982623476 vc_row-has-padding-bottom\"><div class=\"wpb_column vc_column_container vc_col-sm-12 vc_col-lg-12 vc_col-md-12\"><div class=\"vc_column-inner\"><div class=\"wpb_wrapper\"><div class=\"vc_row wpb_row vc_inner vc_row-fluid\"><div class=\"wpb_column vc_column_container vc_col-sm-12\"><div class=\"vc_column-inner\"><div class=\"wpb_wrapper\"><header class=\"kd-section-title col-lg-8 vc_col-sm-8 text-center  kd-animated fadeIn   vc_custom_1696396021444\" data-animation-delay=\"200\"><h2 class=\"separator_off\" >Welcome to KlavinsRide world \ud83c\udf0e<\/h2><\/header><\/div><\/div><\/div><\/div><div class=\"vc_row wpb_row vc_inner vc_row-fluid with-shadow vc_custom_1695815576068 vc_row-has-fill\"><div class=\"mobileHide wpb_column vc_column_container vc_col-sm-12 vc_col-lg-6 vc_col-has-fill\"><div class=\"vc_column-inner vc_custom_1696172763016\"><div class=\"wpb_wrapper\"><a  href=\"https:\/\/klavinsride.com\/en\/par-mums\/\"  target=\"_self\"  title=\"About us\" class=\"tt_button tt_primary_button btn_secondary_color hover_solid_primary button-center button-action-link icon_left\" ><span class=\"fas fa-search iconita\"><\/span><span class=\"prim_text\">Read more<\/span><\/a><\/div><\/div><\/div><div class=\"wpb_column vc_column_container vc_col-sm-12 vc_col-lg-offset-0 vc_col-lg-6 vc_col-md-offset-3 vc_col-md-6 vc_col-sm-offset-3\"><div class=\"vc_column-inner vc_custom_1695814203082\"><div class=\"wpb_wrapper\"><header class=\"kd-section-title col-lg-12 text-left solid-line sep-border-width-1  kd-animated fadeIn\" data-animation-delay=\"200\"><h2 class=\"separator_on\" >About values \u200b\u200bin generations<\/h2><div class=\"kd-separator below_title\" ><div class=\"kd-separator-line\" ><\/div><\/div><h6 class=\"subtitle\" >KlavinsRide is a family company with a rich heritage of experience, deeply rooted in the world of motocross. Our journey began with two generations of motocross champions of Latvia and the former USSR - our beloved father and grandfather Andris Klavins, who has now passed away, and Janis Klavins. Both have written their names in the storm of Latvian motocross - with determination and excellent skills, they flew over the jumps, won the sympathy of the fans and proudly stood on the podium. From this heritage, KlavinsRide has taken three important values:<\/h6><\/header><div class=\"key-icon-box icon-default icon-left cont-left ib-no-effect  kd-animated fadeInUp\" style=\"background-color: transparent;\" data-animation-delay=\"200\"><i class=\"iconsmind-Motorcycle iconsmind-Transportation\" style=\"font-size: 50px; color: #be1e2d;\"><\/i> <h4 class=\"service-heading\" >Passion<\/h4><\/div><div class=\"key-icon-box icon-default icon-left cont-left ib-no-effect  kd-animated fadeInUp\" style=\"background-color: transparent;\" data-animation-delay=\"400\"><i class=\"iconsmind-Green-Energy iconsmind-Nature\" style=\"font-size: 50px; color: #be1e2d;\"><\/i> <h4 class=\"service-heading\" >Return<\/h4><\/div><div class=\"key-icon-box icon-default icon-left cont-left ib-no-effect  kd-animated fadeInUp\" style=\"background-color: transparent;\" data-animation-delay=\"600\"><i class=\"iconsmind-Handshake iconsmind-Business-Finance\" style=\"font-size: 50px; color: #be1e2d;\"><\/i> <h4 class=\"service-heading\" >Responsibility<\/h4><\/div><\/div><\/div><\/div><\/div><\/div><\/div><\/div><\/div><div data-vc-full-width=\"true\" data-vc-full-width-init=\"false\" data-vc-kd-parallax=\"1.5\" class=\"vc_row wpb_row vc_row-fluid vc_custom_1696172503884 vc_row-has-fill vc_row-has-padding-top vc_row-has-padding-bottom vc_general kd_vc_parallax kd_vc_parallax-content-moving\"><div class=\"parallax-overlay\" data-vc-kd-parallax=\"1.5\"><\/div><div class=\"kd-overlay\"  style=\"background-color:rgba(0,0,0,0.6);\"><\/div><div class=\"wpb_column vc_column_container vc_col-sm-12\"><div class=\"vc_column-inner vc_custom_1516009042213\"><div class=\"wpb_wrapper\"><header class=\"kd-section-title vc_col-lg-6 vc_col-sm-8 text-center  kd-animated fadeIn   vc_custom_1696396025702\" data-animation-delay=\"200\"><h2 class=\"separator_off\" style=\"color: #ffffff;\">Why choose KlavinsRide?<\/h2><\/header><div class=\"vc_row wpb_row vc_inner vc_row-fluid\"><div class=\"wpb_column vc_column_container vc_col-sm-4\"><div class=\"vc_column-inner vc_custom_1516009052786\"><div class=\"wpb_wrapper\"><div class=\"key-icon-box icon-default icon-top cont-center ib-hover-1  kd-animated fadeInUp\" style=\"background-color: transparent;\" ><div class=\"ib-wrapper\"><i class=\"iconsmind-Check iconsmind-Interface\" style=\" color: #ffffff;\"><\/i> <p style=\"color: #ffffff;\"><\/p>\n<h4><span style=\"color: #ffffff;\">Specially designed travel programs and training<\/span><\/h4>\n<p><\/p><\/div><\/div><\/div><\/div><\/div><div class=\"wpb_column vc_column_container vc_col-sm-4\"><div class=\"vc_column-inner vc_custom_1516009059306\"><div class=\"wpb_wrapper\"><div class=\"key-icon-box icon-default icon-top cont-center ib-hover-1  kd-animated fadeInUp\" style=\"background-color: transparent;\" data-animation-delay=\"200\"><div class=\"ib-wrapper\"><i class=\"iconsmind-Claps iconsmind-Business-Finance\" style=\" color: #ffffff;\"><\/i> <p style=\"color: #ffffff;\"><\/p>\n<h4><span style=\"color: #ffffff;\">Individual approach to every issue<\/span><\/h4>\n<p><\/p><\/div><\/div><\/div><\/div><\/div><div class=\"wpb_column vc_column_container vc_col-sm-4\"><div class=\"vc_column-inner vc_custom_1516009066194\"><div class=\"wpb_wrapper\"><div class=\"key-icon-box icon-default icon-top cont-center ib-hover-1  kd-animated fadeInUp\" style=\"background-color: transparent;\" data-animation-delay=\"400\"><div class=\"ib-wrapper\"><i class=\"iconsmind-Handshake iconsmind-Business-Finance\" style=\" color: #ffffff;\"><\/i> <p style=\"color: #ffffff;\"><\/p>\n<h4><span style=\"color: #ffffff;\">Cooperation with proven and reliable partners<\/span><\/h4>\n<p><\/p><\/div><\/div><\/div><\/div><\/div><\/div><div class=\"vc_row wpb_row vc_inner vc_row-fluid\"><div class=\"wpb_column vc_column_container vc_col-sm-4\"><div class=\"vc_column-inner vc_custom_1516009052786\"><div class=\"wpb_wrapper\"><div class=\"key-icon-box icon-default icon-top cont-center ib-hover-1  kd-animated fadeInUp\" style=\"background-color: transparent;\" ><div class=\"ib-wrapper\"><i class=\"iconsmind-Financial iconsmind-Business-Finance\" style=\" color: #ffffff;\"><\/i> <p style=\"color: #ffffff;\"><\/p>\n<h4><span style=\"color: #ffffff;\">The benefit is greater than the funds spent<\/span><\/h4>\n<p><\/p><\/div><\/div><\/div><\/div><\/div><div class=\"wpb_column vc_column_container vc_col-sm-4\"><div class=\"vc_column-inner vc_custom_1516009059306\"><div class=\"wpb_wrapper\"><div class=\"key-icon-box icon-default icon-top cont-center ib-hover-1  kd-animated fadeInUp\" style=\"background-color: transparent;\" data-animation-delay=\"200\"><div class=\"ib-wrapper\"><i class=\"iconsmind-Heart iconsmind-Bodypart\" style=\" color: #ffffff;\"><\/i> <p style=\"color: #ffffff;\"><\/p>\n<h4><span style=\"color: #ffffff;\">Pleasant communication and a great adventure<\/span><\/h4>\n<p><\/p><\/div><\/div><\/div><\/div><\/div><div class=\"wpb_column vc_column_container vc_col-sm-4\"><div class=\"vc_column-inner vc_custom_1516009066194\"><div class=\"wpb_wrapper\"><div class=\"key-icon-box icon-default icon-top cont-center ib-hover-1  kd-animated fadeInUp\" style=\"background-color: transparent;\" data-animation-delay=\"400\"><div class=\"ib-wrapper\"><i class=\"iconsmind-Map2 iconsmind-Maps-Locations\" style=\" color: #ffffff;\"><\/i> <p style=\"color: #ffffff;\"><\/p>\n<h4><span style=\"color: #ffffff;\">Janis unique motorcycle expedition experience will be useful in the future<\/span><\/h4>\n<p><\/p><\/div><\/div><\/div><\/div><\/div><\/div><\/div><\/div><\/div><\/div><div class=\"vc_row-full-width vc_clearfix\"><\/div><div data-vc-full-width=\"true\" data-vc-full-width-init=\"false\" class=\"vc_row wpb_row vc_row-fluid\"><div class=\"wpb_column vc_column_container vc_col-sm-6\"><div class=\"vc_column-inner\"><div class=\"wpb_wrapper\">\n\t<div  class=\"wpb_single_image wpb_content_element vc_align_center  wpb_animate_when_almost_visible wpb_fadeIn fadeIn vc_custom_1695903907331\">\n\t\t\n\t\t<figure class=\"wpb_wrapper vc_figure\">\n\t\t\t<div class=\"vc_single_image-wrapper   vc_box_border_grey\"><img loading=\"lazy\" decoding=\"async\" width=\"313\" height=\"439\" src=\"https:\/\/klavinsride.com\/wp-content\/uploads\/2023\/09\/Janis-no-bg.png\" class=\"vc_single_image-img attachment-full\" alt=\"\" title=\"Janis-no-bg\" srcset=\"https:\/\/klavinsride.com\/wp-content\/uploads\/2023\/09\/Janis-no-bg.png 313w, https:\/\/klavinsride.com\/wp-content\/uploads\/2023\/09\/Janis-no-bg-214x300.png 214w, https:\/\/klavinsride.com\/wp-content\/uploads\/2023\/09\/Janis-no-bg-9x12.png 9w\" sizes=\"auto, (max-width: 313px) 100vw, 313px\" \/><\/div>\n\t\t<\/figure>\n\t<\/div>\n<\/div><\/div><\/div><div class=\"wpb_column vc_column_container vc_col-sm-6\"><div class=\"vc_column-inner\"><div class=\"wpb_wrapper\"><div class=\"vc_row wpb_row vc_inner vc_row-fluid vc_custom_1553782312350 vc_row-has-padding-top\"><div class=\"wpb_column vc_column_container vc_col-sm-12 vc_hidden-xs\"><div class=\"vc_column-inner\"><div class=\"wpb_wrapper\"><header class=\"kd-section-title col-lg-12 text-left  kd-animated fadeIn\" data-animation-delay=\"200\"><h2 class=\"separator_off\" >Experience North India!<\/h2><h6 class=\"subtitle\" >The motorcycle tour is organized by KlavinsRide in collaboration with Indian<br \/>\ntravel agency Mystical Journeys.<\/h6><\/header><header class=\"kd-section-title col-lg-12 text-left  kd-animated fadeIn\" data-animation-delay=\"200\"><h2 class=\"separator_off\" style=\"color: #be1e2d;\">Call: +371 29 490 029<\/h2><\/header><div class=\"vc_empty_space\"   style=\"height: 15px\"><span class=\"vc_empty_space_inner\"><\/span><\/div><\/div><\/div><\/div><\/div><div class=\"vc_row wpb_row vc_inner vc_row-fluid vc_custom_1695904581781 vc_row-has-padding-bottom\"><div class=\"wpb_column vc_column_container vc_col-sm-12\"><div class=\"vc_column-inner vc_custom_1536243836394\"><div class=\"wpb_wrapper\"><a  class=\"tt_button tt_secondary_button btn_primary_color  pull-left panel-trigger-btn  kd-animated zoomIn\" data-animation-delay=\"200\"><span class=\"prim_text\">Apply for a tour<\/span><\/a><a  class=\"tt_button tt_primary_button btn_primary_color hover_solid_primary pull-left modal-trigger-btn icon_left kd-animated zoomIn\" data-toggle=\"modal\" data-target=\"#popup-modal\" data-animation-delay=\"200\"><span class=\"far fa-envelope iconita\"><\/span><span class=\"prim_text\">Send an e-mail<\/span><\/a><\/div><\/div><\/div><\/div><\/div><\/div><\/div><\/div><div class=\"vc_row-full-width vc_clearfix\"><\/div>\n<\/div>","protected":false},"excerpt":{"rendered":"Brauc un priec\u0101jies: Atkl\u0101j pasauli ar K\u013cavi\u0146u!Prieks, ka esi \u0161eit, lai piedz\u012bvotu neaizmirstamus motociklu piedz\u012bvojumus.Iepaz\u012bties ar t\u016br\u0113m Norv\u0113\u0123ijas t\u016breNordkapa un [...]","protected":false},"author":1,"featured_media":0,"parent":0,"menu_order":0,"comment_status":"closed","ping_status":"closed","template":"","meta":{"footnotes":""},"class_list":["post-7440","page","type-page","status-publish","hentry"],"yoast_head":"<!-- This site is optimized with the Yoast SEO plugin v27.3 - https:\/\/yoast.com\/product\/yoast-seo-wordpress\/ -->\n<title>Atkl\u0101j pasauli ar K\u013cavi\u0146u - KlavinsRide<\/title>\n<meta name=\"robots\" content=\"index, follow, max-snippet:-1, max-image-preview:large, max-video-preview:-1\" \/>\n<link rel=\"canonical\" href=\"https:\/\/klavinsride.com\/en\/\" \/>\n<meta property=\"og:locale\" content=\"en_GB\" \/>\n<meta property=\"og:type\" content=\"article\" \/>\n<meta property=\"og:title\" content=\"Atkl\u0101j pasauli ar K\u013cavi\u0146u - KlavinsRide\" \/>\n<meta property=\"og:url\" content=\"https:\/\/klavinsride.com\/en\/\" \/>\n<meta property=\"og:site_name\" content=\"KlavinsRide\" \/>\n<meta property=\"article:modified_time\" content=\"2024-03-15T10:00:20+00:00\" \/>\n<meta name=\"twitter:card\" content=\"summary_large_image\" \/>\n<meta name=\"twitter:label1\" content=\"Estimated reading time\" \/>\n\t<meta name=\"twitter:data1\" content=\"3 minutes\" \/>\n<script type=\"application\/ld+json\" class=\"yoast-schema-graph\">{\"@context\":\"https:\\\/\\\/schema.org\",\"@graph\":[{\"@type\":\"WebPage\",\"@id\":\"https:\\\/\\\/klavinsride.com\\\/\",\"url\":\"https:\\\/\\\/klavinsride.com\\\/\",\"name\":\"Atkl\u0101j pasauli ar K\u013cavi\u0146u - KlavinsRide\",\"isPartOf\":{\"@id\":\"https:\\\/\\\/klavinsride.com\\\/#website\"},\"datePublished\":\"2019-04-24T13:51:10+00:00\",\"dateModified\":\"2024-03-15T10:00:20+00:00\",\"breadcrumb\":{\"@id\":\"https:\\\/\\\/klavinsride.com\\\/#breadcrumb\"},\"inLanguage\":\"en-GB\",\"potentialAction\":[{\"@type\":\"ReadAction\",\"target\":[\"https:\\\/\\\/klavinsride.com\\\/\"]}]},{\"@type\":\"BreadcrumbList\",\"@id\":\"https:\\\/\\\/klavinsride.com\\\/#breadcrumb\",\"itemListElement\":[{\"@type\":\"ListItem\",\"position\":1,\"name\":\"Home\",\"item\":\"https:\\\/\\\/klavinsride.com\\\/\"},{\"@type\":\"ListItem\",\"position\":2,\"name\":\"S\u0101kums\"}]},{\"@type\":\"WebSite\",\"@id\":\"https:\\\/\\\/klavinsride.com\\\/#website\",\"url\":\"https:\\\/\\\/klavinsride.com\\\/\",\"name\":\"KlavinsRide\",\"description\":\"Atkl\u0101j pasauli ar K\u013cavi\u0146u\",\"potentialAction\":[{\"@type\":\"SearchAction\",\"target\":{\"@type\":\"EntryPoint\",\"urlTemplate\":\"https:\\\/\\\/klavinsride.com\\\/?s={search_term_string}\"},\"query-input\":{\"@type\":\"PropertyValueSpecification\",\"valueRequired\":true,\"valueName\":\"search_term_string\"}}],\"inLanguage\":\"en-GB\"}]}<\/script>\n<!-- \/ Yoast SEO plugin. -->","yoast_head_json":{"title":"Atkl\u0101j pasauli ar K\u013cavi\u0146u - KlavinsRide","robots":{"index":"index","follow":"follow","max-snippet":"max-snippet:-1","max-image-preview":"max-image-preview:large","max-video-preview":"max-video-preview:-1"},"canonical":"https:\/\/klavinsride.com\/en\/","og_locale":"en_GB","og_type":"article","og_title":"Atkl\u0101j pasauli ar K\u013cavi\u0146u - KlavinsRide","og_url":"https:\/\/klavinsride.com\/en\/","og_site_name":"KlavinsRide","article_modified_time":"2024-03-15T10:00:20+00:00","twitter_card":"summary_large_image","twitter_misc":{"Estimated reading time":"3 minutes"},"schema":{"@context":"https:\/\/schema.org","@graph":[{"@type":"WebPage","@id":"https:\/\/klavinsride.com\/","url":"https:\/\/klavinsride.com\/","name":"Atkl\u0101j pasauli ar K\u013cavi\u0146u - KlavinsRide","isPartOf":{"@id":"https:\/\/klavinsride.com\/#website"},"datePublished":"2019-04-24T13:51:10+00:00","dateModified":"2024-03-15T10:00:20+00:00","breadcrumb":{"@id":"https:\/\/klavinsride.com\/#breadcrumb"},"inLanguage":"en-GB","potentialAction":[{"@type":"ReadAction","target":["https:\/\/klavinsride.com\/"]}]},{"@type":"BreadcrumbList","@id":"https:\/\/klavinsride.com\/#breadcrumb","itemListElement":[{"@type":"ListItem","position":1,"name":"Home","item":"https:\/\/klavinsride.com\/"},{"@type":"ListItem","position":2,"name":"S\u0101kums"}]},{"@type":"WebSite","@id":"https:\/\/klavinsride.com\/#website","url":"https:\/\/klavinsride.com\/","name":"KlavinsRide","description":"Atkl\u0101j pasauli ar K\u013cavi\u0146u","potentialAction":[{"@type":"SearchAction","target":{"@type":"EntryPoint","urlTemplate":"https:\/\/klavinsride.com\/?s={search_term_string}"},"query-input":{"@type":"PropertyValueSpecification","valueRequired":true,"valueName":"search_term_string"}}],"inLanguage":"en-GB"}]}},"_links":{"self":[{"href":"https:\/\/klavinsride.com\/en\/wp-json\/wp\/v2\/pages\/7440","targetHints":{"allow":["GET"]}}],"collection":[{"href":"https:\/\/klavinsride.com\/en\/wp-json\/wp\/v2\/pages"}],"about":[{"href":"https:\/\/klavinsride.com\/en\/wp-json\/wp\/v2\/types\/page"}],"author":[{"embeddable":true,"href":"https:\/\/klavinsride.com\/en\/wp-json\/wp\/v2\/users\/1"}],"replies":[{"embeddable":true,"href":"https:\/\/klavinsride.com\/en\/wp-json\/wp\/v2\/comments?post=7440"}],"version-history":[{"count":179,"href":"https:\/\/klavinsride.com\/en\/wp-json\/wp\/v2\/pages\/7440\/revisions"}],"predecessor-version":[{"id":8157,"href":"https:\/\/klavinsride.com\/en\/wp-json\/wp\/v2\/pages\/7440\/revisions\/8157"}],"wp:attachment":[{"href":"https:\/\/klavinsride.com\/en\/wp-json\/wp\/v2\/media?parent=7440"}],"curies":[{"name":"wp","href":"https:\/\/api.w.org\/{rel}","templated":true}]}}