{"id":5736,"date":"2018-10-22T13:46:53","date_gmt":"2018-10-22T13:46:53","guid":{"rendered":"https:\/\/www.ekko-wp.com\/?page_id=5736"},"modified":"2024-10-14T14:36:17","modified_gmt":"2024-10-14T13:36:17","slug":"dienvidu-indijas-tet","status":"publish","type":"page","link":"https:\/\/klavinsride.com\/en\/motociklu-tures\/dienvidu-indijas-tet\/","title":{"rendered":"South India TET"},"content":{"rendered":"<div class=\"wpb-content-wrapper\"><div data-vc-full-width=\"true\" data-vc-full-width-init=\"false\" data-vc-parallax-image=\"https:\/\/www.youtube.com\/watch?v=RsAtkw3ByuA\" data-vc-video-bg=\"https:\/\/www.youtube.com\/watch?v=RsAtkw3ByuA\" class=\"vc_row wpb_row vc_row-fluid vc_custom_1696313645500 vc_row-has-fill vc_row-has-padding-top vc_row-has-padding-bottom vc_video-bg-container\"><div class=\"kd-overlay\"  style=\"background-color:rgba(0,0,0,0.6);\"><\/div><div class=\"wpb_column vc_column_container vc_col-sm-12\"><div class=\"vc_column-inner vc_custom_1513003956648\"><div class=\"wpb_wrapper\"><div class=\"vc_row wpb_row vc_inner vc_row-fluid\"><div class=\"wpb_column vc_column_container vc_col-sm-2\"><div class=\"vc_column-inner vc_custom_1513004658055\"><div class=\"wpb_wrapper\"><\/div><\/div><\/div><div class=\"wpb_column vc_column_container vc_col-sm-8\"><div class=\"vc_column-inner vc_custom_1513008591637\"><div class=\"wpb_wrapper\"><div class=\"kd-text-rotator kd-rotatorid-69dfba3bc21c0 text-center slower-text-rotator\"><div class=\"kd-text-rotator-container\"><h2 class=\"rotator-single kd-rotator-item-1\" style=\" color: #ffffff; font-size: 60px;\">South India TET<\/h2><h2 class=\"rotator-single kd-rotator-item-2\" style=\" color: #ffffff; font-size: 60px;\">Tour 2025<\/h2><h2 class=\"rotator-single kd-rotator-item-3\" style=\" color: #ffffff; font-size: 60px;\">South India TET<\/h2><h2 class=\"rotator-single kd-rotator-item-4 last\" style=\"transition: all 0.5s 10s; color: #ffffff; font-size: 60px;\">Tour 2025<\/h2><\/div><\/div><\/div><\/div><\/div><div class=\"wpb_column vc_column_container vc_col-sm-2\"><div class=\"vc_column-inner\"><div class=\"wpb_wrapper\"><\/div><\/div><\/div><\/div><\/div><\/div><\/div><\/div><div class=\"vc_row-full-width vc_clearfix\"><\/div><div data-vc-kd-parallax=\"1.5\" class=\"vc_row wpb_row vc_row-fluid vc_custom_1695884031292 vc_row-has-fill vc_row-has-padding-top vc_row-has-padding-bottom vc_row-has-padding-left vc_row-has-padding-right vc_column-gap-25 vc_general kd_vc_parallax kd_vc_parallax-content-moving\"><div class=\"parallax-overlay\" data-vc-kd-parallax=\"1.5\"><\/div><div class=\"wpb_column vc_column_container vc_col-sm-12\"><div class=\"vc_column-inner\"><div class=\"wpb_wrapper\"><div class=\"vc_row wpb_row vc_inner vc_row-fluid vc_custom_1695884006399 vc_row-has-padding-bottom\"><div class=\"wpb_column vc_column_container vc_col-sm-4\"><div class=\"vc_column-inner\"><div class=\"wpb_wrapper\"><div class=\"kd_counter icon-top\" ><div class=\"kd_counter_content\"><h4 class=\"kd_counter_number\"><span class=\"kd_number_string\"  data-from=\"0\" data-to=\"12\" data-refresh-interval=\"50\" >0<\/span>\n                                  <span class=\"kd_counter_units\" >Total days<\/span><\/h4><\/div><\/div><\/div><\/div><\/div><div class=\"wpb_column vc_column_container vc_col-sm-4\"><div class=\"vc_column-inner\"><div class=\"wpb_wrapper\"><div class=\"kd_counter icon-top\" ><div class=\"kd_counter_content\"><h4 class=\"kd_counter_number\"><span class=\"kd_number_string\"  data-from=\"0\" data-to=\"1265\" data-refresh-interval=\"50\" >0<\/span>\n                                  <span class=\"kd_counter_units\" >Total distance KM<\/span><\/h4><\/div><\/div><\/div><\/div><\/div><div class=\"wpb_column vc_column_container vc_col-sm-4\"><div class=\"vc_column-inner\"><div class=\"wpb_wrapper\"><div class=\"kd_counter icon-top\" ><div class=\"kd_counter_content\"><h4 class=\"kd_counter_number\"><span class=\"kd_number_string\"  data-from=\"0\" data-to=\"1800\" data-refresh-interval=\"50\" >0<\/span>\n                                  <span class=\"kd_counter_units\" >Price without TAX<\/span><\/h4><\/div><\/div><\/div><\/div><\/div><\/div><div class=\"vc_row wpb_row vc_inner vc_row-fluid\"><div class=\"wpb_column vc_column_container vc_col-sm-4 vc_col-lg-4 vc_col-md-12\"><div class=\"vc_column-inner vc_custom_1539607714286\"><div class=\"wpb_wrapper\"><header class=\"kd-section-title col-lg-12 text-left  kd-animated fadeIn\" data-animation-delay=\"200\"><h2 class=\"separator_off\" >Everything you should know before applying for the tour.<\/h2><\/header><\/div><\/div><\/div><div class=\"wpb_column vc_column_container vc_col-sm-4 vc_col-lg-4 vc_col-md-6\"><div class=\"vc_column-inner\"><div class=\"wpb_wrapper\"><h6 style=\"text-align: left\" class=\"vc_custom_heading wpb_animate_when_almost_visible wpb_fadeIn fadeIn\" >The Indian state of Kerala, also called the land of the Gods, is one of the most sought-after tourist destinations in India today. Beaches surrounded by palm trees, mist-covered mountain valleys, lush tropical forests, waterfalls, exotic wildlife, and majestic historical monuments give it a special charm.<\/h6><\/div><\/div><\/div><div class=\"wpb_column vc_column_container vc_col-sm-4 vc_col-lg-4 vc_col-md-6\"><div class=\"vc_column-inner\"><div class=\"wpb_wrapper\"><h6 style=\"text-align: left\" class=\"vc_custom_heading wpb_animate_when_almost_visible wpb_fadeIn fadeIn\" >The real TET trail starts from Kanyakumari, which is the farthest southern point of India. Our route will consist of 70% asphalt and 30% challenging and TET-worthy mountain roads. Traveling through Kerala TET is the best way to get over the winter and get a good dose of vitamin D, taste the freshest fruits from local farmers, and challenge yourself on the most interesting mountain route.<\/h6><\/div><\/div><\/div><\/div><\/div><\/div><\/div><\/div><div class=\"vc_row wpb_row vc_row-fluid vc_custom_1710062019901 vc_row-has-padding-top vc_row-has-padding-bottom\"><div class=\"wpb_column vc_column_container vc_col-sm-12\"><div class=\"vc_column-inner\"><div class=\"wpb_wrapper\"><header class=\"kd-section-title col-lg-12 text-left  kd-animated fadeIn   vc_custom_1710062053950\" data-animation-delay=\"200\"><h2 class=\"separator_off\" style=\"color: #be1e2d;\">Important information<\/h2><\/header><\/div><\/div><\/div><\/div><div data-vc-full-width=\"true\" data-vc-full-width-init=\"false\" class=\"vc_row wpb_row vc_row-fluid vc_custom_1710060842123 vc_row-has-fill vc_row-has-padding-top vc_row-has-padding-bottom\"><div class=\"kd-overlay\"  style=\"background-color:rgba(0,0,0,0.6);\"><\/div><div class=\"wpb_column vc_column_container vc_col-sm-12\"><div class=\"vc_column-inner vc_custom_1516008527469\"><div class=\"wpb_wrapper\"><div class=\"vc_row wpb_row vc_inner vc_row-fluid vc_custom_1695900509089 vc_row-has-padding-top\"><div class=\"wpb_column vc_column_container vc_col-sm-4\"><div class=\"vc_column-inner vc_custom_1540560021320\"><div class=\"wpb_wrapper\"><div class=\"key-icon-box icon-default icon-left cont-left ib-no-effect  kd-animated fadeInUp\" style=\"background-color: transparent;\" ><i class=\"iconsmind-Checked-User iconsmind-People\" style=\" color: #ffffff;\"><\/i> <h3 class=\"service-heading\" style=\"color: #ffffff;\">Included in the price<\/h3><p style=\"color: #ffffff;\">Motocikla noma. Izmitin\u0101\u0161ana viesn\u012bc\u0101s divviet\u012bg\u0101 numur\u0101. Brokastis. T\u016bres gida pakalpojumi visa brauciena laik\u0101. Transf\u0113rs no lidostas uz viesn\u012bcu, ierodoties un izlidojot.<\/p><\/div><\/div><\/div><\/div><div class=\"wpb_column vc_column_container vc_col-sm-4\"><div class=\"vc_column-inner vc_custom_1540560030080\"><div class=\"wpb_wrapper\"><div class=\"key-icon-box icon-default icon-left cont-left ib-no-effect  kd-animated fadeInUp\" style=\"background-color: transparent;\" data-animation-delay=\"400\"><i class=\"iconsmind-Euro-Sign2 iconsmind-Business-Finance\" style=\" color: #ffffff;\"><\/i> <h3 class=\"service-heading\" style=\"color: #ffffff;\">Payment terms<\/h3><p style=\"color: #ffffff;\">100% prepayment 30 calendar days before the start of the trip.<\/p><\/div><\/div><\/div><\/div><div class=\"wpb_column vc_column_container vc_col-sm-4\"><div class=\"vc_column-inner vc_custom_1540560038168\"><div class=\"wpb_wrapper\"><div class=\"key-icon-box icon-default icon-left cont-left ib-no-effect  kd-animated fadeInUp\" style=\"background-color: transparent;\" data-animation-delay=\"200\"><i class=\"iconsmind-Gear-2 iconsmind-User-Interface\" style=\" color: #ffffff;\"><\/i> <h3 class=\"service-heading\" style=\"color: #ffffff;\">Motorcycles and equipment<\/h3><p style=\"color: #ffffff;\">Royal Enfield 500cc. We also offer helmets, gloves, knee and elbow pads, but this is used equipment.<\/p><\/div><\/div><\/div><\/div><\/div><div class=\"vc_row wpb_row vc_inner vc_row-fluid vc_custom_1695902121651\"><div class=\"wpb_column vc_column_container vc_col-sm-4\"><div class=\"vc_column-inner vc_custom_1540560021320\"><div class=\"wpb_wrapper\"><div class=\"key-icon-box icon-default icon-left cont-left ib-no-effect  kd-animated fadeInUp\" style=\"background-color: transparent;\" data-animation-delay=\"200\"><i class=\"iconsmind-Remove-User iconsmind-People\" style=\" color: #ffffff;\"><\/i> <h3 class=\"service-heading\" style=\"color: #ffffff;\">Not included in the price<\/h3><p style=\"color: #ffffff;\">Flights, fuel, insurance.<\/p><\/div><\/div><\/div><\/div><div class=\"wpb_column vc_column_container vc_col-sm-4\"><div class=\"vc_column-inner vc_custom_1540560030080\"><div class=\"wpb_wrapper\"><div class=\"key-icon-box icon-default icon-left cont-left ib-no-effect  kd-animated fadeInUp\" style=\"background-color: transparent;\" data-animation-delay=\"400\"><i class=\"iconsmind-Paper-Plane iconsmind-Objects\" style=\" color: #ffffff;\"><\/i> <h3 class=\"service-heading\" style=\"color: #ffffff;\">Support<\/h3><p style=\"color: #ffffff;\">Viet\u0113j\u0101 nomas biroja atbalsts ce\u013cojuma laik\u0101.<\/p><\/div><\/div><\/div><\/div><div class=\"wpb_column vc_column_container vc_col-sm-4\"><div class=\"vc_column-inner vc_custom_1540560038168\"><div class=\"wpb_wrapper\"><div class=\"key-icon-box icon-default icon-left cont-left ib-no-effect  kd-animated fadeInUp\" style=\"background-color: transparent;\" data-animation-delay=\"400\"><i class=\"iconsmind-Retweet iconsmind-Signs-Symbols\" style=\" color: #ffffff;\"><\/i> <h3 class=\"service-heading\" style=\"color: #ffffff;\">Trip cancellation<\/h3><p style=\"color: #ffffff;\">50% of the travel fee is returned.<\/p><\/div><\/div><\/div><\/div><\/div><div class=\"vc_row wpb_row vc_inner vc_row-fluid vc_custom_1695902133140\"><div class=\"wpb_column vc_column_container vc_col-sm-4\"><div class=\"vc_column-inner vc_custom_1540560021320\"><div class=\"wpb_wrapper\"><div class=\"key-icon-box icon-default icon-left cont-left ib-no-effect  kd-animated fadeInUp\" style=\"background-color: transparent;\" ><i class=\"iconsmind-Motorcycle iconsmind-Transportation\" style=\" color: #ffffff;\"><\/i> <h3 class=\"service-heading\" style=\"color: #ffffff;\">Driver's licence<\/h3><p style=\"color: #ffffff;\">Category A motorcycle license.<\/p><\/div><\/div><\/div><\/div><div class=\"wpb_column vc_column_container vc_col-sm-4\"><div class=\"vc_column-inner vc_custom_1540560030080\"><div class=\"wpb_wrapper\"><div class=\"key-icon-box icon-default icon-left cont-left ib-no-effect  kd-animated fadeInUp\" style=\"background-color: transparent;\" ><i class=\"iconsmind-Empty-Box iconsmind-Emails\" style=\" color: #ffffff;\"><\/i> <h3 class=\"service-heading\" style=\"color: #ffffff;\">Baggage<\/h3><p style=\"color: #ffffff;\">Visu bag\u0101\u017eu transport\u0113jam uz motocikliem.<\/p><\/div><\/div><\/div><\/div><div class=\"wpb_column vc_column_container vc_col-sm-4\"><div class=\"vc_column-inner vc_custom_1540560038168\"><div class=\"wpb_wrapper\"><div class=\"key-icon-box icon-default icon-left cont-left ib-no-effect  kd-animated fadeInUp\" style=\"background-color: transparent;\" data-animation-delay=\"200\"><i class=\"iconsmind-Identification-Badge iconsmind-Objects\" style=\" color: #ffffff;\"><\/i> <h3 class=\"service-heading\" style=\"color: #ffffff;\">Documents<\/h3><p style=\"color: #ffffff;\">Travel documents - passport and visa.<\/p><\/div><\/div><\/div><\/div><\/div><\/div><\/div><\/div><\/div><div class=\"vc_row-full-width vc_clearfix\"><\/div><div data-vc-full-width=\"true\" data-vc-full-width-init=\"false\" class=\"vc_row wpb_row vc_row-fluid vc_custom_1710092717124 vc_row-has-padding-top vc_row-has-padding-bottom\"><div class=\"wpb_column vc_column_container vc_col-sm-12\"><div class=\"vc_column-inner\"><div class=\"wpb_wrapper\"><div class=\"vc_row wpb_row vc_inner vc_row-fluid\"><div class=\"wpb_column vc_column_container vc_col-sm-12 vc_hidden-xs\"><div class=\"vc_column-inner\"><div class=\"wpb_wrapper\"><header class=\"kd-section-title col-lg-8 vc_col-sm-8 text-center  kd-animated fadeIn\" data-animation-delay=\"200\"><h2 class=\"separator_off\" >During the tour, we are accompanied by cooperation partners, friends and a support team<\/h2><\/header><\/div><\/div><\/div><\/div><\/div><\/div><\/div><div class=\"wpb_column vc_column_container vc_col-sm-6\"><div class=\"vc_column-inner\"><div class=\"wpb_wrapper\"><div class=\"team-member design-classic   disable-contact-effect\" >\r\n                    <div class=\"team-content\">\r\n                        <div class=\"team-image-overlay\"><\/div>\r\n                        <div class=\"team-image\"><img loading=\"lazy\" decoding=\"async\" width=\"1600\" height=\"1452\" src=\"https:\/\/klavinsride.com\/wp-content\/uploads\/2024\/03\/Ole-Marius-Husby.jpeg\" class=\"attachment-full\" alt=\"\" title=\"Ole Marius Husby\" srcset=\"https:\/\/klavinsride.com\/wp-content\/uploads\/2024\/03\/Ole-Marius-Husby.jpeg 1600w, https:\/\/klavinsride.com\/wp-content\/uploads\/2024\/03\/Ole-Marius-Husby-300x272.jpeg 300w, https:\/\/klavinsride.com\/wp-content\/uploads\/2024\/03\/Ole-Marius-Husby-1024x929.jpeg 1024w, https:\/\/klavinsride.com\/wp-content\/uploads\/2024\/03\/Ole-Marius-Husby-768x697.jpeg 768w, https:\/\/klavinsride.com\/wp-content\/uploads\/2024\/03\/Ole-Marius-Husby-1536x1394.jpeg 1536w, https:\/\/klavinsride.com\/wp-content\/uploads\/2024\/03\/Ole-Marius-Husby-13x12.jpeg 13w\" sizes=\"auto, (max-width: 1600px) 100vw, 1600px\" \/><\/div>\r\n                        <div class=\"team-content-text\" >\r\n                        <div class=\"team-content-text-inner\">\r\n                        <h5 >Ole Marius Husby<\/h5>\r\n                        <span class=\"team-subtitle\" ><\/span>\r\n                        <p ><\/p><\/div><div class=\"team-socials\"><a href=\"https:\/\/www.instagram.com\/the.norwegian.nomad\" target=\"_blank\"><span class=\"fab fa-instagram\" ><\/span><\/a><\/div><\/div>\r\n                    <\/div>\r\n                <\/div><\/div><\/div><\/div><div class=\"wpb_column vc_column_container vc_col-sm-6\"><div class=\"vc_column-inner\"><div class=\"wpb_wrapper\"><div class=\"team-member design-classic   disable-contact-effect\" >\r\n                    <div class=\"team-content\">\r\n                        <div class=\"team-image-overlay\"><\/div>\r\n                        <div class=\"team-image\"><img loading=\"lazy\" decoding=\"async\" width=\"1600\" height=\"1452\" src=\"https:\/\/klavinsride.com\/wp-content\/uploads\/2024\/03\/Aigars.jpg\" class=\"attachment-full\" alt=\"\" title=\"Aigars\" srcset=\"https:\/\/klavinsride.com\/wp-content\/uploads\/2024\/03\/Aigars.jpg 1600w, https:\/\/klavinsride.com\/wp-content\/uploads\/2024\/03\/Aigars-300x272.jpg 300w, https:\/\/klavinsride.com\/wp-content\/uploads\/2024\/03\/Aigars-1024x929.jpg 1024w, https:\/\/klavinsride.com\/wp-content\/uploads\/2024\/03\/Aigars-768x697.jpg 768w, https:\/\/klavinsride.com\/wp-content\/uploads\/2024\/03\/Aigars-1536x1394.jpg 1536w, https:\/\/klavinsride.com\/wp-content\/uploads\/2024\/03\/Aigars-13x12.jpg 13w\" sizes=\"auto, (max-width: 1600px) 100vw, 1600px\" \/><\/div>\r\n                        <div class=\"team-content-text\" >\r\n                        <div class=\"team-content-text-inner\">\r\n                        <h5 >Aigars Liepins<\/h5>\r\n                        <span class=\"team-subtitle\" ><\/span>\r\n                        <p ><\/p><\/div><div class=\"team-socials\"><a href=\"https:\/\/www.instagram.com\/alienbiker_india\" target=\"_blank\"><span class=\"fab fa-instagram\" ><\/span><\/a><\/div><\/div>\r\n                    <\/div>\r\n                <\/div><\/div><\/div><\/div><\/div><div class=\"vc_row-full-width vc_clearfix\"><\/div><div data-vc-full-width=\"true\" data-vc-full-width-init=\"false\" class=\"vc_row wpb_row vc_row-fluid\"><div class=\"wpb_column vc_column_container vc_col-sm-6\"><div class=\"vc_column-inner\"><div class=\"wpb_wrapper\">\n\t<div  class=\"wpb_single_image wpb_content_element vc_align_center  wpb_animate_when_almost_visible wpb_fadeIn fadeIn vc_custom_1695903907331\">\n\t\t\n\t\t<figure class=\"wpb_wrapper vc_figure\">\n\t\t\t<div class=\"vc_single_image-wrapper   vc_box_border_grey\"><img loading=\"lazy\" decoding=\"async\" width=\"313\" height=\"439\" src=\"https:\/\/klavinsride.com\/wp-content\/uploads\/2023\/09\/Janis-no-bg.png\" class=\"vc_single_image-img attachment-full\" alt=\"\" title=\"Janis-no-bg\" srcset=\"https:\/\/klavinsride.com\/wp-content\/uploads\/2023\/09\/Janis-no-bg.png 313w, https:\/\/klavinsride.com\/wp-content\/uploads\/2023\/09\/Janis-no-bg-214x300.png 214w, https:\/\/klavinsride.com\/wp-content\/uploads\/2023\/09\/Janis-no-bg-9x12.png 9w\" sizes=\"auto, (max-width: 313px) 100vw, 313px\" \/><\/div>\n\t\t<\/figure>\n\t<\/div>\n<\/div><\/div><\/div><div class=\"wpb_column vc_column_container vc_col-sm-6\"><div class=\"vc_column-inner\"><div class=\"wpb_wrapper\"><div class=\"vc_row wpb_row vc_inner vc_row-fluid vc_custom_1553782312350 vc_row-has-padding-top\"><div class=\"wpb_column vc_column_container vc_col-sm-12 vc_hidden-xs\"><div class=\"vc_column-inner\"><div class=\"wpb_wrapper\"><header class=\"kd-section-title col-lg-12 text-left  kd-animated fadeIn\" data-animation-delay=\"200\"><h2 class=\"separator_off\" >Experience South India!<\/h2><h6 class=\"subtitle\" >The motorcycle tour is organized by KlavinsRide in collaboration with Indian<br \/>\ntravel agency Mystical Journeys.<\/h6><\/header><header class=\"kd-section-title col-lg-12 text-left  kd-animated fadeIn\" data-animation-delay=\"200\"><h2 class=\"separator_off\" style=\"color: #be1e2d;\">Call: +371 29 490 029<\/h2><\/header><div class=\"vc_empty_space\"   style=\"height: 15px\"><span class=\"vc_empty_space_inner\"><\/span><\/div><\/div><\/div><\/div><\/div><div class=\"vc_row wpb_row vc_inner vc_row-fluid vc_custom_1695904581781 vc_row-has-padding-bottom\"><div class=\"wpb_column vc_column_container vc_col-sm-12\"><div class=\"vc_column-inner vc_custom_1536243836394\"><div class=\"wpb_wrapper\"><a  class=\"tt_button tt_secondary_button btn_primary_color  pull-left panel-trigger-btn  kd-animated zoomIn\" data-animation-delay=\"200\"><span class=\"prim_text\">Apply for a tour<\/span><\/a><a  class=\"tt_button tt_primary_button btn_primary_color hover_solid_primary pull-left modal-trigger-btn icon_left kd-animated zoomIn\" data-toggle=\"modal\" data-target=\"#popup-modal\" data-animation-delay=\"200\"><span class=\"far fa-envelope iconita\"><\/span><span class=\"prim_text\">Send an e-mail<\/span><\/a><\/div><\/div><\/div><\/div><\/div><\/div><\/div><\/div><div class=\"vc_row-full-width vc_clearfix\"><\/div>\n<\/div>","protected":false},"excerpt":{"rendered":"Dienvidu Indijas TET2025. gada t\u016breDienvidu Indijas TET2025. gada t\u016bre0 Dienu skaits0 Kop\u0113ja distance KM0 Cena bez PVNViss, kas Jums b\u016btu [...]","protected":false},"author":1,"featured_media":0,"parent":7604,"menu_order":0,"comment_status":"closed","ping_status":"closed","template":"","meta":{"footnotes":""},"class_list":["post-5736","page","type-page","status-publish","hentry"],"yoast_head":"<!-- This site is optimized with the Yoast SEO plugin v27.3 - https:\/\/yoast.com\/product\/yoast-seo-wordpress\/ -->\n<title>Dienvidu Indijas TET - KlavinsRide<\/title>\n<meta name=\"robots\" content=\"index, follow, max-snippet:-1, max-image-preview:large, max-video-preview:-1\" \/>\n<link rel=\"canonical\" href=\"https:\/\/klavinsride.com\/en\/motociklu-tures\/dienvidu-indijas-tet\/\" \/>\n<meta property=\"og:locale\" content=\"en_GB\" \/>\n<meta property=\"og:type\" content=\"article\" \/>\n<meta property=\"og:title\" content=\"Dienvidu Indijas TET - KlavinsRide\" \/>\n<meta property=\"og:url\" content=\"https:\/\/klavinsride.com\/en\/motociklu-tures\/dienvidu-indijas-tet\/\" \/>\n<meta property=\"og:site_name\" content=\"KlavinsRide\" \/>\n<meta property=\"article:modified_time\" content=\"2024-10-14T13:36:17+00:00\" \/>\n<meta name=\"twitter:card\" content=\"summary_large_image\" \/>\n<meta name=\"twitter:label1\" content=\"Estimated reading time\" \/>\n\t<meta name=\"twitter:data1\" content=\"7 minutes\" \/>\n<script type=\"application\/ld+json\" class=\"yoast-schema-graph\">{\"@context\":\"https:\\\/\\\/schema.org\",\"@graph\":[{\"@type\":\"WebPage\",\"@id\":\"https:\\\/\\\/klavinsride.com\\\/motociklu-tures\\\/dienvidu-indijas-tet\\\/\",\"url\":\"https:\\\/\\\/klavinsride.com\\\/motociklu-tures\\\/dienvidu-indijas-tet\\\/\",\"name\":\"Dienvidu Indijas TET - KlavinsRide\",\"isPartOf\":{\"@id\":\"https:\\\/\\\/klavinsride.com\\\/#website\"},\"datePublished\":\"2018-10-22T13:46:53+00:00\",\"dateModified\":\"2024-10-14T13:36:17+00:00\",\"breadcrumb\":{\"@id\":\"https:\\\/\\\/klavinsride.com\\\/motociklu-tures\\\/dienvidu-indijas-tet\\\/#breadcrumb\"},\"inLanguage\":\"en-GB\",\"potentialAction\":[{\"@type\":\"ReadAction\",\"target\":[\"https:\\\/\\\/klavinsride.com\\\/motociklu-tures\\\/dienvidu-indijas-tet\\\/\"]}]},{\"@type\":\"BreadcrumbList\",\"@id\":\"https:\\\/\\\/klavinsride.com\\\/motociklu-tures\\\/dienvidu-indijas-tet\\\/#breadcrumb\",\"itemListElement\":[{\"@type\":\"ListItem\",\"position\":1,\"name\":\"Home\",\"item\":\"https:\\\/\\\/klavinsride.com\\\/\"},{\"@type\":\"ListItem\",\"position\":2,\"name\":\"Motociklu t\u016bres\",\"item\":\"https:\\\/\\\/klavinsride.com\\\/motociklu-tures\\\/\"},{\"@type\":\"ListItem\",\"position\":3,\"name\":\"Dienvidu Indijas TET\"}]},{\"@type\":\"WebSite\",\"@id\":\"https:\\\/\\\/klavinsride.com\\\/#website\",\"url\":\"https:\\\/\\\/klavinsride.com\\\/\",\"name\":\"KlavinsRide\",\"description\":\"Atkl\u0101j pasauli ar K\u013cavi\u0146u\",\"potentialAction\":[{\"@type\":\"SearchAction\",\"target\":{\"@type\":\"EntryPoint\",\"urlTemplate\":\"https:\\\/\\\/klavinsride.com\\\/?s={search_term_string}\"},\"query-input\":{\"@type\":\"PropertyValueSpecification\",\"valueRequired\":true,\"valueName\":\"search_term_string\"}}],\"inLanguage\":\"en-GB\"}]}<\/script>\n<!-- \/ Yoast SEO plugin. -->","yoast_head_json":{"title":"Dienvidu Indijas TET - KlavinsRide","robots":{"index":"index","follow":"follow","max-snippet":"max-snippet:-1","max-image-preview":"max-image-preview:large","max-video-preview":"max-video-preview:-1"},"canonical":"https:\/\/klavinsride.com\/en\/motociklu-tures\/dienvidu-indijas-tet\/","og_locale":"en_GB","og_type":"article","og_title":"Dienvidu Indijas TET - KlavinsRide","og_url":"https:\/\/klavinsride.com\/en\/motociklu-tures\/dienvidu-indijas-tet\/","og_site_name":"KlavinsRide","article_modified_time":"2024-10-14T13:36:17+00:00","twitter_card":"summary_large_image","twitter_misc":{"Estimated reading time":"7 minutes"},"schema":{"@context":"https:\/\/schema.org","@graph":[{"@type":"WebPage","@id":"https:\/\/klavinsride.com\/motociklu-tures\/dienvidu-indijas-tet\/","url":"https:\/\/klavinsride.com\/motociklu-tures\/dienvidu-indijas-tet\/","name":"Dienvidu Indijas TET - KlavinsRide","isPartOf":{"@id":"https:\/\/klavinsride.com\/#website"},"datePublished":"2018-10-22T13:46:53+00:00","dateModified":"2024-10-14T13:36:17+00:00","breadcrumb":{"@id":"https:\/\/klavinsride.com\/motociklu-tures\/dienvidu-indijas-tet\/#breadcrumb"},"inLanguage":"en-GB","potentialAction":[{"@type":"ReadAction","target":["https:\/\/klavinsride.com\/motociklu-tures\/dienvidu-indijas-tet\/"]}]},{"@type":"BreadcrumbList","@id":"https:\/\/klavinsride.com\/motociklu-tures\/dienvidu-indijas-tet\/#breadcrumb","itemListElement":[{"@type":"ListItem","position":1,"name":"Home","item":"https:\/\/klavinsride.com\/"},{"@type":"ListItem","position":2,"name":"Motociklu t\u016bres","item":"https:\/\/klavinsride.com\/motociklu-tures\/"},{"@type":"ListItem","position":3,"name":"Dienvidu Indijas TET"}]},{"@type":"WebSite","@id":"https:\/\/klavinsride.com\/#website","url":"https:\/\/klavinsride.com\/","name":"KlavinsRide","description":"Atkl\u0101j pasauli ar K\u013cavi\u0146u","potentialAction":[{"@type":"SearchAction","target":{"@type":"EntryPoint","urlTemplate":"https:\/\/klavinsride.com\/?s={search_term_string}"},"query-input":{"@type":"PropertyValueSpecification","valueRequired":true,"valueName":"search_term_string"}}],"inLanguage":"en-GB"}]}},"_links":{"self":[{"href":"https:\/\/klavinsride.com\/en\/wp-json\/wp\/v2\/pages\/5736","targetHints":{"allow":["GET"]}}],"collection":[{"href":"https:\/\/klavinsride.com\/en\/wp-json\/wp\/v2\/pages"}],"about":[{"href":"https:\/\/klavinsride.com\/en\/wp-json\/wp\/v2\/types\/page"}],"author":[{"embeddable":true,"href":"https:\/\/klavinsride.com\/en\/wp-json\/wp\/v2\/users\/1"}],"replies":[{"embeddable":true,"href":"https:\/\/klavinsride.com\/en\/wp-json\/wp\/v2\/comments?post=5736"}],"version-history":[{"count":123,"href":"https:\/\/klavinsride.com\/en\/wp-json\/wp\/v2\/pages\/5736\/revisions"}],"predecessor-version":[{"id":8202,"href":"https:\/\/klavinsride.com\/en\/wp-json\/wp\/v2\/pages\/5736\/revisions\/8202"}],"up":[{"embeddable":true,"href":"https:\/\/klavinsride.com\/en\/wp-json\/wp\/v2\/pages\/7604"}],"wp:attachment":[{"href":"https:\/\/klavinsride.com\/en\/wp-json\/wp\/v2\/media?parent=5736"}],"curies":[{"name":"wp","href":"https:\/\/api.w.org\/{rel}","templated":true}]}}