{"id":5726,"date":"2018-10-22T13:45:49","date_gmt":"2018-10-22T13:45:49","guid":{"rendered":"https:\/\/www.ekko-wp.com\/?page_id=5726"},"modified":"2024-04-08T06:59:42","modified_gmt":"2024-04-08T05:59:42","slug":"enduro-apmacibas","status":"publish","type":"page","link":"https:\/\/klavinsride.com\/en\/enduro-apmacibas\/","title":{"rendered":"Enduro training"},"content":{"rendered":"<div class=\"wpb-content-wrapper\"><div data-vc-full-width=\"true\" data-vc-full-width-init=\"false\" class=\"vc_row wpb_row vc_row-fluid\"><div class=\"wpb_column vc_column_container vc_col-sm-12\"><div class=\"vc_column-inner\"><div class=\"wpb_wrapper\"><div class=\"vc_row wpb_row vc_inner vc_row-fluid vc_custom_1511348417220 vc_row-has-padding-top vc_row-has-padding-bottom\"><div class=\"wpb_column vc_column_container vc_col-sm-12 vc_col-lg-6\"><div class=\"vc_column-inner vc_custom_1541419127566\"><div class=\"wpb_wrapper\"><div class=\"video-container play-button-center\" ><img loading=\"lazy\" decoding=\"async\" width=\"517\" height=\"600\" src=\"https:\/\/klavinsride.com\/wp-content\/uploads\/2024\/03\/poligons-new.jpg\" class=\"attachment-full\" alt=\"\" title=\"poligons-new\" srcset=\"https:\/\/klavinsride.com\/wp-content\/uploads\/2024\/03\/poligons-new.jpg 517w, https:\/\/klavinsride.com\/wp-content\/uploads\/2024\/03\/poligons-new-259x300.jpg 259w, https:\/\/klavinsride.com\/wp-content\/uploads\/2024\/03\/poligons-new-10x12.jpg 10w\" sizes=\"auto, (max-width: 517px) 100vw, 517px\" \/><a data-toggle=\"modal\" data-target=\"#video-modal-kd-video-modal-69dfb8866ef1a\" data-src=\"\" data-backdrop=\"true\" class=\"play-btn-primary-color\"><span class=\"play-video\"><span class=\"fas fa-play\"><\/span><\/span><\/a><\/div><div class=\"modal fade video-modal\" id=\"video-modal-kd-video-modal-69dfb8866ef1a\" role=\"dialog\">\n                            <div class=\"modal-content\">\n                            <button type=\"button\" class=\"close\" data-dismiss=\"modal\">\u00d7<\/button>\n                            <div class=\"row\"><video class=\"video-modal-local\" title=\"\" poster=\"\" height=\"700\" controls>\n                              <source src=\"https:\/\/klavinsride.com\/wp-content\/uploads\/2023\/10\/poligons.mp4\" type=\"video\/mp4\"><img decoding=\"async\" alt=\"\" src=\"\" title=\"Video playback is not supported by your browser\" \/>\n                              <\/video><\/div>\n                            <\/div>\n                        <\/div><\/div><\/div><\/div><div class=\"wpb_column vc_column_container vc_col-sm-12 vc_col-lg-offset-0 vc_col-lg-6 vc_col-md-offset-1 vc_col-sm-offset-1\"><div class=\"vc_column-inner vc_custom_1541419137341\"><div class=\"wpb_wrapper\"><header class=\"kd-section-title col-lg-12 text-left  kd-animated fadeIn  \" data-animation-delay=200><h2 class=\"separator_off\" >Pied\u0101v\u0101jam divu<br \/>\nl\u012bme\u0146u programmas \u2013 ies\u0101c\u0113jiem un lietprat\u0113jiem.<\/h2><\/header><h6 style=\"text-align: left\" class=\"vc_custom_heading\" >Pier\u012bg\u0101, Garkalnes grants karjer\u0101 J\u0101nis ir izveidojis ide\u0101lu vietu enduro treni\u0146iem. T\u0101 ir piem\u0113rota gan ies\u0101c\u0113jiem, gan augst\u0101ka l\u012bme\u0146a motobrauc\u0113jiem. Poligonu var kvalitat\u012bvi lietot gan lietainos, gan sausos laika apst\u0101k\u013cos.<\/h6><h6 style=\"text-align: left\" class=\"vc_custom_heading\" >Enduro apm\u0101c\u012bbu poligonu veido vair\u0101kas trases, kur\u0101s iesp\u0113jams apg\u016bt visa veida l\u012bdzsvara elementus un \u0161\u0137er\u0161\u013cu p\u0101rvar\u0113\u0161anu, braukt uz cieta un smil\u0161u grunts seguma, iem\u0101c\u012bties motocikla vad\u012b\u0161anas pa\u0146\u0113mienus, braucot kaln\u0101 aug\u0161up un lejup, k\u0101 ar\u012b bremz\u0113\u0161anas ce\u013ca vingrin\u0101jumus.<\/h6><div class=\"vc_empty_space\"   style=\"height: 30px\"><span class=\"vc_empty_space_inner\"><\/span><\/div><a  class=\"tt_button tt_secondary_button btn_primary_color  pull-left modal-trigger-btn  kd-animated zoomIn\" data-toggle=\"modal\" data-target=\"#popup-modal\" data-animation-delay=200><span class=\"prim_text\">Pieteikties apm\u0101c\u012bb\u0101m<\/span><\/a><\/div><\/div><\/div><\/div><\/div><\/div><\/div><\/div><div class=\"vc_row-full-width vc_clearfix\"><\/div><div data-vc-full-width=\"true\" data-vc-full-width-init=\"false\" class=\"vc_row wpb_row vc_row-fluid vc_custom_1696178782685 vc_row-has-padding-top vc_row-has-padding-bottom\"><div class=\"wpb_column vc_column_container vc_col-sm-12\"><div class=\"vc_column-inner\"><div class=\"wpb_wrapper\"><div class=\"vc_row wpb_row vc_inner vc_row-fluid\"><div class=\"wpb_column vc_column_container vc_col-sm-3 vc_hidden-xs\"><div class=\"vc_column-inner\"><div class=\"wpb_wrapper\"><\/div><\/div><\/div><div class=\"wpb_column vc_column_container vc_col-sm-6\"><div class=\"vc_column-inner\"><div class=\"wpb_wrapper\"><header class=\"kd-section-title col-lg-12 text-center  kd-animated fadeIn  \" data-animation-delay=200><h2 class=\"separator_off\" >Pras\u012bbas dal\u012bbniekiem<\/h2><\/header><\/div><\/div><\/div><div class=\"wpb_column vc_column_container vc_col-sm-3 vc_hidden-xs\"><div class=\"vc_column-inner\"><div class=\"wpb_wrapper\"><\/div><\/div><\/div><\/div><div class=\"vc_row wpb_row vc_inner vc_row-fluid vc_custom_1556018075864\"><div class=\"wpb_column vc_column_container vc_col-sm-12\"><div class=\"vc_column-inner\"><div class=\"wpb_wrapper\">\r\n            <div class=\"kd-process-steps process_three_elem process-checkbox-template \">\r\n                <ul>\r\n                <li class=\"pss-item kd-animated fadeIn \"  >\r\n                    <div class=\"pss-container\"><div class=\"pss-step-number\"><span >1<\/span><\/div><div class=\"pss-text-area\">\r\n                            <h5 >A kategorija<\/h5>\r\n                            <p >A kategorijas motocikla vad\u012bt\u0101ja apliec\u012bba<\/p><\/div>\r\n                    <\/div>\r\n                <\/li>\r\n                <li class=\"pss-item kd-animated fadeIn \"  data-animation-delay=200>\r\n                    <div class=\"pss-container\"><div class=\"pss-step-number\"><span >2<\/span><\/div><div class=\"pss-text-area\">\r\n                            <h5 >Motocikls<\/h5>\r\n                            <p >Motocikls, kas paredz\u0113ts brauk\u0161anai pa grants ce\u013ciem un \u0101rpus tiem<\/p><\/div>\r\n                    <\/div>\r\n                <\/li>\r\n                <li class=\"pss-item kd-animated fadeIn \"  data-animation-delay=400>\r\n                    <div class=\"pss-container\"><div class=\"pss-step-number\"><span >3<\/span><\/div><div class=\"pss-text-area\">\r\n                            <h5 >Tehnisk\u0101 apskate<\/h5>\r\n                            <p >Der\u012bga motocikla tehnisk\u0101 apskate<\/p><\/div>\r\n                    <\/div>\r\n                <\/li><\/ul>\r\n            <\/div><\/div><\/div><\/div><\/div><\/div><\/div><\/div><\/div><div class=\"vc_row-full-width vc_clearfix\"><\/div><div data-vc-full-width=\"true\" data-vc-full-width-init=\"false\" data-vc-kd-parallax=\"1.5\" class=\"vc_row wpb_row vc_row-fluid vc_custom_1696069557771 vc_row-has-fill vc_general kd_vc_parallax kd_vc_parallax-content-moving\"><div class=\"parallax-overlay\" data-vc-kd-parallax=\"1.5\"><\/div><div class=\"kd-overlay\"  style=\"background-color:rgba(0,0,0,0.6);\"><\/div><div class=\"wpb_column vc_column_container vc_col-sm-12\"><div class=\"vc_column-inner vc_custom_1516009042213\"><div class=\"wpb_wrapper\"><div class=\"vc_row wpb_row vc_inner vc_row-fluid vc_custom_1696069672009 vc_row-has-padding-top vc_row-has-padding-bottom\"><div class=\"wpb_column vc_column_container vc_col-sm-4\"><div class=\"vc_column-inner vc_custom_1516009052786\"><div class=\"wpb_wrapper\"><div class=\"key-icon-box icon-default icon-top cont-center ib-hover-1  kd-animated fadeInUp\" style=\"background-color: transparent;\" ><div class=\"ib-wrapper\"><i class=\"iconsmind-Over-Time2 iconsmind-Time\" style=\" color: #ffffff;\"><\/i> <h5 class=\"service-heading\" style=\"color: #ffffff;\">Apm\u0101c\u012bbas ilgums<\/h5><p style=\"color: #ffffff;\">No plkst. 9.00 - 15.00<\/p><\/div><\/div><\/div><\/div><\/div><div class=\"wpb_column vc_column_container vc_col-sm-4\"><div class=\"vc_column-inner vc_custom_1516009059306\"><div class=\"wpb_wrapper\"><div class=\"key-icon-box icon-default icon-top cont-center ib-hover-1  kd-animated fadeInUp\" style=\"background-color: transparent;\" data-animation-delay=200><div class=\"ib-wrapper\"><i class=\"iconsmind-Chacked-Flag iconsmind-Objects\" style=\" color: #ffffff;\"><\/i> <h5 class=\"service-heading\" style=\"color: #ffffff;\">Dal\u012bbnieku skaits<\/h5><p style=\"color: #ffffff;\">No 10 l\u012bdz 20 dal\u012bbniekiem, daloties grup\u0101s.<\/p><\/div><\/div><\/div><\/div><\/div><div class=\"wpb_column vc_column_container vc_col-sm-4\"><div class=\"vc_column-inner vc_custom_1516009066194\"><div class=\"wpb_wrapper\"><div class=\"key-icon-box icon-default icon-top cont-center ib-hover-1  kd-animated fadeInUp\" style=\"background-color: transparent;\" data-animation-delay=400><div class=\"ib-wrapper\"><i class=\"iconsmind-Coins-3 iconsmind-Business-Finance\" style=\" color: #ffffff;\"><\/i> <h5 class=\"service-heading\" style=\"color: #ffffff;\">Apm\u0101c\u012bbu cena<\/h5><p style=\"color: #ffffff;\">Viena diena 40 EUR, divas dienas 60 EUR<\/p><\/div><\/div><\/div><\/div><\/div><\/div><\/div><\/div><\/div><\/div><div class=\"vc_row-full-width vc_clearfix\"><\/div><div data-vc-full-width=\"true\" data-vc-full-width-init=\"false\" data-vc-stretch-content=\"true\" class=\"vc_row wpb_row vc_row-fluid vc_row-no-padding\"><div class=\"wpb_column vc_column_container vc_col-sm-12\"><div class=\"vc_column-inner\"><div class=\"wpb_wrapper\"><script>\r\n\r\n                    function initKdMap_kd69dfb8867319a() {\r\n                      var map_kd69dfb8867319a;\r\n        \t\t\t\t\t\t\tvar gmap_location_kd69dfb8867319a = new google.maps.LatLng(57.0861875, 24.4858125);\r\n        \t\t\t\t\t\t\tvar GMAP_MODULE_kd69dfb8867319a = \"customMap\";\r\n      \t\t\t\t\t\t\t\tvar featureOpts = [\r\n      \t\t\t\t\t\t\t\t\t\t\t{\r\n      \t\t\t\t\t\t\t\t\t\t\t  stylers: [\r\n      \t\t\t\t\t\t\t\t\t\t\t\t{ \"visibility\": \"on\" },\r\n      \t\t\t\t\t\t\t\t\t\t\t\t{ \"weight\": 1.1 },\r\n      \t\t\t\t\t\t\t\t\t\t\t\t{ \"saturation\": 1 },\r\n      \t\t\t\t\t\t\t\t\t\t\t\t{ \"lightness\": 1 },\r\n      \t\t\t\t\t\t\t\t\t\t\t\t{ \"gamma\": 1 }\r\n      \t\t\t\t\t\t\t\t\t\t\t  ]\r\n      \t\t\t\t\t\t\t\t\t\t\t}\r\n      \t\t\t\t\t\t\t\t\t\t];\r\n      \t\t\t\t\t\t\t\tvar mapOptions = {\r\n      \t\t\t\t\t\t\t\t\tzoom: 15,\r\n      \t\t\t\t\t\t\t\t\tcenter: gmap_location_kd69dfb8867319a,\r\n                        scrollwheel: false,\r\n      \t\t\t\t\t\t\t\t\tmapTypeControlOptions: {\r\n      \t\t\t\t\t\t\t\t\t\tmapTypeIds: [google.maps.MapTypeId.ROADMAP, GMAP_MODULE_kd69dfb8867319a]\r\n      \t\t\t\t\t\t\t\t\t},\r\n      \t\t\t\t\t\t\t\t\tmapTypeId: GMAP_MODULE_kd69dfb8867319a\r\n      \t\t\t\t\t\t\t\t};\r\n      \t\t\t\t\t\t\t\tmap_kd69dfb8867319a = new google.maps.Map(document.getElementById(\"kd69dfb8867319a\"), mapOptions);\r\n      \t\t\t\t\t\t\t\tmarker_kd69dfb8867319a = new google.maps.Marker({\r\n      \t\t\t\t\t\t\t\t\tmap: map_kd69dfb8867319a,\r\n      \t\t\t\t\t\t\t\t\tdraggable: false,\r\n      \t\t\t\t\t\t\t\t\tanimation: google.maps.Animation.DROP,\r\n      \t\t\t\t\t\t\t\t\tposition: gmap_location_kd69dfb8867319a,\r\n      \t\t\t\t\t\t\t\t\ticon: \"https:\/\/klavinsride.com\/wp-content\/uploads\/2024\/04\/marker.png\"\r\n      \t\t\t\t\t\t\t\t  });\r\n      \t\t\t\t\t\t\t\tgoogle.maps.event.addListener(marker_kd69dfb8867319a, \"click\", function() {\r\n      \t\t\t\t\t\t\t\t\tif (marker_kd69dfb8867319a.getAnimation() != null) {\r\n      \t\t\t\t\t\t\t\t\t\tmarker_kd69dfb8867319a.setAnimation(null);\r\n      \t\t\t\t\t\t\t\t\t} else {\r\n      \t\t\t\t\t\t\t\t\t\tmarker_kd69dfb8867319a.setAnimation(google.maps.Animation.BOUNCE);\r\n      \t\t\t\t\t\t\t\t\t}\r\n      \t\t\t\t\t\t\t\t});\r\n      \t\t\t\t\t\t\t\tvar styledMapOptions = {\r\n      \t\t\t\t\t\t\t\t\tname: \"Klavins\"\r\n      \t\t\t\t\t\t\t\t};\r\n      \t\t\t\t\t\t\t\tvar customMapType_kd69dfb8867319a = new google.maps.StyledMapType(featureOpts, styledMapOptions);\r\n      \t\t\t\t\t\t\t\tmap_kd69dfb8867319a.mapTypes.set(GMAP_MODULE_kd69dfb8867319a, customMapType_kd69dfb8867319a);\r\n                      }\r\n                      jQuery(window).on(\"load\", function() {\r\n                        initKdMap_kd69dfb8867319a();\r\n                      });\r\n      \t\t\t\t\t\t<\/script><div class=\"contact-map-container left_info_panel\" style=\"height: 560px;\"><div class=\"business-info-wrapper\">\r\n                        <span class=\"fas fa-times toggle-map-info\"><\/span>\r\n                        <div class=\"business-info-header\"><h4>KLAVINS RIDE POLIGONS<\/h4><address><span class=\"business-address-row\"><i class=\"fas fa-map-marker-alt\"><\/i><span class=\"address-overflow\">3FPP+F8Q, Garkalne, Garkalnes novads, Ropa\u017eu novads, LV-2137<\/span><\/span><span class=\"business-phone-row\"><i class=\"fas fa-phone-alt\"><\/i><a href=\"tel:+37129490029\">+371 29 490 029<\/a><\/span><span class=\"business-email-row\"><i class=\"far fa-envelope\"><\/i><a href=\"mailto:info@klavinsride.com\">info@klavinsride.com<\/a><\/span><\/address>\r\n                        <\/div>\r\n                        <div class=\"business-info-schedule\">\r\n                            <h4><\/h4><div class=\"business-info-day\"><\/div><\/div>\r\n                    <\/div><div id=\"kd69dfb8867319a\" class=\"kd_map\" style=\"height: 560px;\"><\/div>\r\n\r\n            <\/div><\/div><\/div><\/div><\/div><div class=\"vc_row-full-width vc_clearfix\"><\/div><div data-vc-full-width=\"true\" data-vc-full-width-init=\"false\" class=\"vc_row wpb_row vc_row-fluid vc_custom_1696069605565\"><div class=\"wpb_column vc_column_container vc_col-sm-12\"><div class=\"vc_column-inner\"><div class=\"wpb_wrapper\"><div class=\"vc_row wpb_row vc_inner vc_row-fluid vc_custom_1696069647424 vc_row-has-padding-bottom\"><div class=\"wpb_column vc_column_container vc_col-sm-3\"><div class=\"vc_column-inner\"><div class=\"wpb_wrapper\"><\/div><\/div><\/div><div class=\"wpb_column vc_column_container vc_col-sm-6\"><div class=\"vc_column-inner\"><div class=\"wpb_wrapper\"><header class=\"kd-section-title col-lg-12 text-center  kd-animated fadeIn  \" data-animation-delay=200><h2 class=\"separator_off\" >Vai v\u0113lies uzs\u0101kt apm\u0101c\u012bbas?<\/h2><h6 class=\"subtitle \" >Nekad nav par v\u0113lu uzkr\u0101t papildu pieredzi vai atsvaidzin\u0101t iema\u0146as uz da\u017e\u0101diem ce\u013cu segumiem.<\/h6><\/header><div class=\"vc_empty_space\"   style=\"height: 15px\"><span class=\"vc_empty_space_inner\"><\/span><\/div><a  class=\"tt_button tt_primary_button btn_primary_color  button-center modal-trigger-btn  kd-animated zoomIn\" data-toggle=\"modal\" data-target=\"#popup-modal\" data-animation-delay=200><span class=\"prim_text\">Pieteikties apm\u0101c\u012bb\u0101m<\/span><\/a><\/div><\/div><\/div><div class=\"wpb_column vc_column_container vc_col-sm-3\"><div class=\"vc_column-inner\"><div class=\"wpb_wrapper\"><\/div><\/div><\/div><\/div><\/div><\/div><\/div><\/div><div class=\"vc_row-full-width vc_clearfix\"><\/div><div class=\"vc_row wpb_row vc_row-fluid\"><div class=\"wpb_column vc_column_container vc_col-sm-12\"><div class=\"vc_column-inner\"><div class=\"wpb_wrapper\">\n\t<div class=\"wpb_raw_code wpb_content_element wpb_raw_html\" >\n\t\t<div class=\"wpb_wrapper\">\n\t\t\t<div class=\"simcal-calendar simcal-default-calendar simcal-default-calendar-list simcal-default-calendar-light\" data-calendar-id=\"8022\" data-timezone=\"Europe\/London\" data-offset=\"3600\" data-week-start=\"1\" data-calendar-start=\"1776207600\" data-calendar-end=\"1776207600\" data-events-first=\"0\" data-events-last=\"0\"><div class=\"simcal-calendar-list \"><dl class=\"simcal-events-list-container\" data-prev=\"0\" data-next=\"1776207600\" data-heading-small=\"15 April 2026\" data-heading-large=\"15 April 2026\">\t<p>Nav pievienotas jaunas apm\u0101c\u012bbu dienas.\t<\/p>\n<\/dl><div class=\"simcal-ajax-loader simcal-spinner-top\" style=\"display: none;\"><i class=\"simcal-icon-spinner simcal-icon-spin\"><\/i><\/div><\/div><\/div>\n\t\t<\/div>\n\t<\/div>\n<\/div><\/div><\/div><\/div>\n<\/div>","protected":false},"excerpt":{"rendered":"\u00d7 Pied\u0101v\u0101jam divu l\u012bme\u0146u programmas \u2013 ies\u0101c\u0113jiem un lietprat\u0113jiem.Pier\u012bg\u0101, Garkalnes grants karjer\u0101 J\u0101nis ir izveidojis ide\u0101lu vietu enduro treni\u0146iem. T\u0101 [...]","protected":false},"author":1,"featured_media":8184,"parent":0,"menu_order":0,"comment_status":"closed","ping_status":"closed","template":"","meta":{"footnotes":""},"class_list":["post-5726","page","type-page","status-publish","has-post-thumbnail","hentry"],"yoast_head":"<!-- This site is optimized with the Yoast SEO plugin v27.3 - https:\/\/yoast.com\/product\/yoast-seo-wordpress\/ -->\n<title>Enduro apm\u0101c\u012bbas - KlavinsRide<\/title>\n<meta name=\"robots\" content=\"index, follow, max-snippet:-1, max-image-preview:large, max-video-preview:-1\" \/>\n<link rel=\"canonical\" href=\"https:\/\/klavinsride.com\/en\/enduro-apmacibas\/\" \/>\n<meta property=\"og:locale\" content=\"en_GB\" \/>\n<meta property=\"og:type\" content=\"article\" \/>\n<meta property=\"og:title\" content=\"Enduro apm\u0101c\u012bbas - KlavinsRide\" \/>\n<meta property=\"og:url\" content=\"https:\/\/klavinsride.com\/en\/enduro-apmacibas\/\" \/>\n<meta property=\"og:site_name\" content=\"KlavinsRide\" \/>\n<meta property=\"article:modified_time\" content=\"2024-04-08T05:59:42+00:00\" \/>\n<meta property=\"og:image\" content=\"https:\/\/klavinsride.com\/wp-content\/uploads\/2024\/04\/banner.jpg\" \/>\n\t<meta property=\"og:image:width\" content=\"1620\" \/>\n\t<meta property=\"og:image:height\" content=\"1080\" \/>\n\t<meta property=\"og:image:type\" content=\"image\/jpeg\" \/>\n<meta name=\"twitter:card\" content=\"summary_large_image\" \/>\n<meta name=\"twitter:label1\" content=\"Estimated reading time\" \/>\n\t<meta name=\"twitter:data1\" content=\"3 minutes\" \/>\n<script type=\"application\/ld+json\" class=\"yoast-schema-graph\">{\"@context\":\"https:\\\/\\\/schema.org\",\"@graph\":[{\"@type\":\"WebPage\",\"@id\":\"https:\\\/\\\/klavinsride.com\\\/enduro-apmacibas\\\/\",\"url\":\"https:\\\/\\\/klavinsride.com\\\/enduro-apmacibas\\\/\",\"name\":\"Enduro apm\u0101c\u012bbas - KlavinsRide\",\"isPartOf\":{\"@id\":\"https:\\\/\\\/klavinsride.com\\\/#website\"},\"primaryImageOfPage\":{\"@id\":\"https:\\\/\\\/klavinsride.com\\\/enduro-apmacibas\\\/#primaryimage\"},\"image\":{\"@id\":\"https:\\\/\\\/klavinsride.com\\\/enduro-apmacibas\\\/#primaryimage\"},\"thumbnailUrl\":\"https:\\\/\\\/klavinsride.com\\\/wp-content\\\/uploads\\\/2024\\\/04\\\/banner.jpg\",\"datePublished\":\"2018-10-22T13:45:49+00:00\",\"dateModified\":\"2024-04-08T05:59:42+00:00\",\"breadcrumb\":{\"@id\":\"https:\\\/\\\/klavinsride.com\\\/enduro-apmacibas\\\/#breadcrumb\"},\"inLanguage\":\"en-GB\",\"potentialAction\":[{\"@type\":\"ReadAction\",\"target\":[\"https:\\\/\\\/klavinsride.com\\\/enduro-apmacibas\\\/\"]}]},{\"@type\":\"ImageObject\",\"inLanguage\":\"en-GB\",\"@id\":\"https:\\\/\\\/klavinsride.com\\\/enduro-apmacibas\\\/#primaryimage\",\"url\":\"https:\\\/\\\/klavinsride.com\\\/wp-content\\\/uploads\\\/2024\\\/04\\\/banner.jpg\",\"contentUrl\":\"https:\\\/\\\/klavinsride.com\\\/wp-content\\\/uploads\\\/2024\\\/04\\\/banner.jpg\",\"width\":1620,\"height\":1080},{\"@type\":\"BreadcrumbList\",\"@id\":\"https:\\\/\\\/klavinsride.com\\\/enduro-apmacibas\\\/#breadcrumb\",\"itemListElement\":[{\"@type\":\"ListItem\",\"position\":1,\"name\":\"Home\",\"item\":\"https:\\\/\\\/klavinsride.com\\\/\"},{\"@type\":\"ListItem\",\"position\":2,\"name\":\"Enduro apm\u0101c\u012bbas\"}]},{\"@type\":\"WebSite\",\"@id\":\"https:\\\/\\\/klavinsride.com\\\/#website\",\"url\":\"https:\\\/\\\/klavinsride.com\\\/\",\"name\":\"KlavinsRide\",\"description\":\"Atkl\u0101j pasauli ar K\u013cavi\u0146u\",\"potentialAction\":[{\"@type\":\"SearchAction\",\"target\":{\"@type\":\"EntryPoint\",\"urlTemplate\":\"https:\\\/\\\/klavinsride.com\\\/?s={search_term_string}\"},\"query-input\":{\"@type\":\"PropertyValueSpecification\",\"valueRequired\":true,\"valueName\":\"search_term_string\"}}],\"inLanguage\":\"en-GB\"}]}<\/script>\n<!-- \/ Yoast SEO plugin. -->","yoast_head_json":{"title":"Enduro apm\u0101c\u012bbas - KlavinsRide","robots":{"index":"index","follow":"follow","max-snippet":"max-snippet:-1","max-image-preview":"max-image-preview:large","max-video-preview":"max-video-preview:-1"},"canonical":"https:\/\/klavinsride.com\/en\/enduro-apmacibas\/","og_locale":"en_GB","og_type":"article","og_title":"Enduro apm\u0101c\u012bbas - KlavinsRide","og_url":"https:\/\/klavinsride.com\/en\/enduro-apmacibas\/","og_site_name":"KlavinsRide","article_modified_time":"2024-04-08T05:59:42+00:00","og_image":[{"width":1620,"height":1080,"url":"https:\/\/klavinsride.com\/wp-content\/uploads\/2024\/04\/banner.jpg","type":"image\/jpeg"}],"twitter_card":"summary_large_image","twitter_misc":{"Estimated reading time":"3 minutes"},"schema":{"@context":"https:\/\/schema.org","@graph":[{"@type":"WebPage","@id":"https:\/\/klavinsride.com\/enduro-apmacibas\/","url":"https:\/\/klavinsride.com\/enduro-apmacibas\/","name":"Enduro apm\u0101c\u012bbas - KlavinsRide","isPartOf":{"@id":"https:\/\/klavinsride.com\/#website"},"primaryImageOfPage":{"@id":"https:\/\/klavinsride.com\/enduro-apmacibas\/#primaryimage"},"image":{"@id":"https:\/\/klavinsride.com\/enduro-apmacibas\/#primaryimage"},"thumbnailUrl":"https:\/\/klavinsride.com\/wp-content\/uploads\/2024\/04\/banner.jpg","datePublished":"2018-10-22T13:45:49+00:00","dateModified":"2024-04-08T05:59:42+00:00","breadcrumb":{"@id":"https:\/\/klavinsride.com\/enduro-apmacibas\/#breadcrumb"},"inLanguage":"en-GB","potentialAction":[{"@type":"ReadAction","target":["https:\/\/klavinsride.com\/enduro-apmacibas\/"]}]},{"@type":"ImageObject","inLanguage":"en-GB","@id":"https:\/\/klavinsride.com\/enduro-apmacibas\/#primaryimage","url":"https:\/\/klavinsride.com\/wp-content\/uploads\/2024\/04\/banner.jpg","contentUrl":"https:\/\/klavinsride.com\/wp-content\/uploads\/2024\/04\/banner.jpg","width":1620,"height":1080},{"@type":"BreadcrumbList","@id":"https:\/\/klavinsride.com\/enduro-apmacibas\/#breadcrumb","itemListElement":[{"@type":"ListItem","position":1,"name":"Home","item":"https:\/\/klavinsride.com\/"},{"@type":"ListItem","position":2,"name":"Enduro apm\u0101c\u012bbas"}]},{"@type":"WebSite","@id":"https:\/\/klavinsride.com\/#website","url":"https:\/\/klavinsride.com\/","name":"KlavinsRide","description":"Atkl\u0101j pasauli ar K\u013cavi\u0146u","potentialAction":[{"@type":"SearchAction","target":{"@type":"EntryPoint","urlTemplate":"https:\/\/klavinsride.com\/?s={search_term_string}"},"query-input":{"@type":"PropertyValueSpecification","valueRequired":true,"valueName":"search_term_string"}}],"inLanguage":"en-GB"}]}},"_links":{"self":[{"href":"https:\/\/klavinsride.com\/en\/wp-json\/wp\/v2\/pages\/5726","targetHints":{"allow":["GET"]}}],"collection":[{"href":"https:\/\/klavinsride.com\/en\/wp-json\/wp\/v2\/pages"}],"about":[{"href":"https:\/\/klavinsride.com\/en\/wp-json\/wp\/v2\/types\/page"}],"author":[{"embeddable":true,"href":"https:\/\/klavinsride.com\/en\/wp-json\/wp\/v2\/users\/1"}],"replies":[{"embeddable":true,"href":"https:\/\/klavinsride.com\/en\/wp-json\/wp\/v2\/comments?post=5726"}],"version-history":[{"count":55,"href":"https:\/\/klavinsride.com\/en\/wp-json\/wp\/v2\/pages\/5726\/revisions"}],"predecessor-version":[{"id":8185,"href":"https:\/\/klavinsride.com\/en\/wp-json\/wp\/v2\/pages\/5726\/revisions\/8185"}],"wp:featuredmedia":[{"embeddable":true,"href":"https:\/\/klavinsride.com\/en\/wp-json\/wp\/v2\/media\/8184"}],"wp:attachment":[{"href":"https:\/\/klavinsride.com\/en\/wp-json\/wp\/v2\/media?parent=5726"}],"curies":[{"name":"wp","href":"https:\/\/api.w.org\/{rel}","templated":true}]}}